{"id":910,"date":"2012-11-28T15:03:19","date_gmt":"2012-11-28T14:03:19","guid":{"rendered":"http:\/\/www.rzg.se?page_id=910"},"modified":"2025-10-08T16:53:35","modified_gmt":"2025-10-08T15:53:35","slug":"rz-pressmetall","status":"publish","type":"page","link":"https:\/\/rzg.se\/en\/kontakt\/rz-pressmetall\/","title":{"rendered":"RZ Pressmetall"},"content":{"rendered":"<p><strong>Mailing address<\/strong> Box 225, 731 25 , K\u00f6ping<br \/><strong>Visiting address<\/strong> <a title=\"Visa p\u00e5 karta\" href=\"https:\/\/www.google.se\/maps?q=Pressmetall+AB,+J%C3%A4rnv%C3%A4gsgatan,+K%C3%B6ping&amp;hl=sv&amp;ie=UTF8&amp;ll=59.506869,16.006308&amp;spn=0.017922,0.038581&amp;sll=57.341346,13.024292&amp;sspn=2.439778,4.938354&amp;oq=Pressmetall&amp;hq=Pressmetall+AB,&amp;hnear=J%C3%A4rnv%C3%A4gsgatan,+K%C3%B6ping,+V%C3%A4stmanlands+l%C3%A4n&amp;t=m&amp;z=15&amp;iwloc=A\" target=\"_blank\" rel=\"noopener noreferrer\">J\u00e4rnv\u00e4gsgatan 5<\/a><br \/><strong>Phone:<\/strong> 0221 &#8211; 180 30<br \/><strong>E-mail:<\/strong> <a href=\"mailto:pressmetall@rzg.se\">pressmetall@rzg.se<\/a><\/p>\n<h2>Contacts<\/h2>\n<p><strong>Andreas Lindeberg<\/strong><br \/><em>CEO<\/em><br \/><strong>Phone:<\/strong> 0221 &#8211; 45 66 11<br \/><strong>Mobile:<\/strong> 0721 \u2013 43 62 11<br \/><strong>E-mail:<\/strong> <a href=\"mailto:andreas.lindeberg@rzg.se\">andreas.lindeberg@rzg.se<\/a><\/p>\n<p><b>Peter Dahlstr\u00f6m<br \/><\/b><i>Production manager<br \/><\/i><b>Phone:\u00a0<\/b>0221 \u2013 45 66 16<b><br \/>Mobile:\u00a0<\/b>079 \u2013 067 02 84<br \/><b>E-mail:\u00a0<\/b><span lang=\"DE\"><a href=\"mailto:peter.dahlstrom@rzg.se\" target=\"_blank\" rel=\"noopener\"><span lang=\"SV\">peter.dahlstrom@rzg.se<\/span><\/a><\/span><\/p>\n<p><strong>Ida Hedstr\u00f6m<br \/><\/strong><em>Quality and administrative manager<br \/><\/em><strong>Phone: <\/strong>0221 &#8211; 45 66 13<strong><br \/>Mobile: <\/strong>070 &#8211; 415 48 53<br \/><strong>E-mail: <\/strong><a href=\"mailto:ida.hedstrom@rzg.se\">ida.hedstrom@rzg.se<\/a><\/p>\n<p><strong>Marie Mattsson<\/strong><br \/><em>CFO<\/em><br \/><strong>Phone:<\/strong> 031 &#8211; 719 60 44<br \/><strong>Mobile:<\/strong> 073 &#8211; 078 65 58<br \/><strong>E-mail:<\/strong> <a href=\"mailto:marie.mattsson@rzgruppen.se\">marie.mattsson@rzgruppen.se<\/a><\/p>\n<p><strong>Finance<\/strong><br \/><strong>Phone:<\/strong> 031 &#8211; 719 60 44\/031 &#8211; 719 60 47<br \/><strong>E-mail:<\/strong> <a href=\"mailto:finans@rzgruppen.se\">finans@rzgruppen.se<\/a><\/p>\n\n\n<p><\/p>","protected":false},"excerpt":{"rendered":"<p>Postadress: Box 225, 731 25 , K\u00f6pingBes\u00f6ksadress: J\u00e4rnv\u00e4gsgatan 5Telefon: 0221 &#8211; 180 30E-post: pressmetall@rzg.se Kontaktpersoner Andreas LindebergVDTelefon: 0221 &#8211; 45 66 11Mobil: 0721 \u2013 43 62 11E-post: andreas.lindeberg@rzg.se Peter Dahlstr\u00f6mProduktionschefTelefon:\u00a00221 \u2013 45 66 16Mobil:\u00a0079 \u2013 067 02 84E-post:\u00a0peter.dahlstrom@rzg.se Ida Hedstr\u00f6mKvalitets- och administrativ chefTelefon: 0221 &#8211; 45 66 13Mobil: 070 &#8211; 415 48 53E-post: ida.hedstrom@rzg.se Marie [&hellip;]<\/p>\n","protected":false},"author":44,"featured_media":1207,"parent":13,"menu_order":0,"comment_status":"closed","ping_status":"open","template":"","meta":{"_acf_changed":false,"footnotes":""},"class_list":["post-910","page","type-page","status-publish","has-post-thumbnail","hentry"],"acf":[],"yoast_head":"<!-- This site is optimized with the Yoast SEO plugin v27.2 - https:\/\/yoast.com\/product\/yoast-seo-wordpress\/ -->\n<title>RZ Pressmetall - RZ<\/title>\n<meta name=\"robots\" content=\"index, follow, max-snippet:-1, max-image-preview:large, max-video-preview:-1\" \/>\n<link rel=\"canonical\" href=\"https:\/\/rzg.se\/en\/kontakt\/rz-pressmetall\/\" \/>\n<meta property=\"og:locale\" content=\"en_GB\" \/>\n<meta property=\"og:type\" content=\"article\" \/>\n<meta property=\"og:title\" content=\"RZ Pressmetall - RZ\" \/>\n<meta property=\"og:description\" content=\"Postadress: Box 225, 731 25 , K\u00f6pingBes\u00f6ksadress: J\u00e4rnv\u00e4gsgatan 5Telefon: 0221 &#8211; 180 30E-post: pressmetall@rzg.se Kontaktpersoner Andreas LindebergVDTelefon: 0221 &#8211; 45 66 11Mobil: 0721 \u2013 43 62 11E-post: andreas.lindeberg@rzg.se Peter Dahlstr\u00f6mProduktionschefTelefon:\u00a00221 \u2013 45 66 16Mobil:\u00a0079 \u2013 067 02 84E-post:\u00a0peter.dahlstrom@rzg.se Ida Hedstr\u00f6mKvalitets- och administrativ chefTelefon: 0221 &#8211; 45 66 13Mobil: 070 &#8211; 415 48 53E-post: ida.hedstrom@rzg.se Marie [&hellip;]\" \/>\n<meta property=\"og:url\" content=\"https:\/\/rzg.se\/en\/kontakt\/rz-pressmetall\/\" \/>\n<meta property=\"og:site_name\" content=\"RZ\" \/>\n<meta property=\"article:modified_time\" content=\"2025-10-08T15:53:35+00:00\" \/>\n<meta property=\"og:image\" content=\"https:\/\/rzg.se\/wp-content\/uploads\/Pressmetall_978px-402px.jpg\" \/>\n\t<meta property=\"og:image:width\" content=\"978\" \/>\n\t<meta property=\"og:image:height\" content=\"402\" \/>\n\t<meta property=\"og:image:type\" content=\"image\/jpeg\" \/>\n<meta name=\"twitter:card\" content=\"summary_large_image\" \/>\n<meta name=\"twitter:label1\" content=\"Estimated reading time\" \/>\n\t<meta name=\"twitter:data1\" content=\"1 minute\" \/>\n<script type=\"application\/ld+json\" class=\"yoast-schema-graph\">{\"@context\":\"https:\/\/schema.org\",\"@graph\":[{\"@type\":\"WebPage\",\"@id\":\"https:\/\/rzg.se\/kontakt\/rz-pressmetall\/\",\"url\":\"https:\/\/rzg.se\/kontakt\/rz-pressmetall\/\",\"name\":\"RZ Pressmetall - RZ\",\"isPartOf\":{\"@id\":\"https:\/\/rzg.se\/#website\"},\"primaryImageOfPage\":{\"@id\":\"https:\/\/rzg.se\/kontakt\/rz-pressmetall\/#primaryimage\"},\"image\":{\"@id\":\"https:\/\/rzg.se\/kontakt\/rz-pressmetall\/#primaryimage\"},\"thumbnailUrl\":\"https:\/\/rzg.se\/wp-content\/uploads\/Pressmetall_978px-402px.jpg\",\"datePublished\":\"2012-11-28T14:03:19+00:00\",\"dateModified\":\"2025-10-08T15:53:35+00:00\",\"breadcrumb\":{\"@id\":\"https:\/\/rzg.se\/kontakt\/rz-pressmetall\/#breadcrumb\"},\"inLanguage\":\"en-GB\",\"potentialAction\":[{\"@type\":\"ReadAction\",\"target\":[\"https:\/\/rzg.se\/kontakt\/rz-pressmetall\/\"]}]},{\"@type\":\"ImageObject\",\"inLanguage\":\"en-GB\",\"@id\":\"https:\/\/rzg.se\/kontakt\/rz-pressmetall\/#primaryimage\",\"url\":\"https:\/\/rzg.se\/wp-content\/uploads\/Pressmetall_978px-402px.jpg\",\"contentUrl\":\"https:\/\/rzg.se\/wp-content\/uploads\/Pressmetall_978px-402px.jpg\",\"width\":\"978\",\"height\":\"402\",\"caption\":\"Pressmetall\"},{\"@type\":\"BreadcrumbList\",\"@id\":\"https:\/\/rzg.se\/kontakt\/rz-pressmetall\/#breadcrumb\",\"itemListElement\":[{\"@type\":\"ListItem\",\"position\":1,\"name\":\"Hem\",\"item\":\"https:\/\/rzg.se\/\"},{\"@type\":\"ListItem\",\"position\":2,\"name\":\"Kontakt\",\"item\":\"https:\/\/rzg.se\/kontakt\/\"},{\"@type\":\"ListItem\",\"position\":3,\"name\":\"RZ Pressmetall\"}]},{\"@type\":\"WebSite\",\"@id\":\"https:\/\/rzg.se\/#website\",\"url\":\"https:\/\/rzg.se\/\",\"name\":\"RZ\",\"description\":\"Mekaniska verkst\u00e4der med exakt precision\",\"publisher\":{\"@id\":\"https:\/\/rzg.se\/#organization\"},\"potentialAction\":[{\"@type\":\"SearchAction\",\"target\":{\"@type\":\"EntryPoint\",\"urlTemplate\":\"https:\/\/rzg.se\/?s={search_term_string}\"},\"query-input\":{\"@type\":\"PropertyValueSpecification\",\"valueRequired\":true,\"valueName\":\"search_term_string\"}}],\"inLanguage\":\"en-GB\"},{\"@type\":\"Organization\",\"@id\":\"https:\/\/rzg.se\/#organization\",\"name\":\"RZ\",\"url\":\"https:\/\/rzg.se\/\",\"logo\":{\"@type\":\"ImageObject\",\"inLanguage\":\"en-GB\",\"@id\":\"https:\/\/rzg.se\/#\/schema\/logo\/image\/\",\"url\":\"https:\/\/rzg.se\/wp-content\/uploads\/RZ_logo.png\",\"contentUrl\":\"https:\/\/rzg.se\/wp-content\/uploads\/RZ_logo.png\",\"width\":201,\"height\":201,\"caption\":\"RZ\"},\"image\":{\"@id\":\"https:\/\/rzg.se\/#\/schema\/logo\/image\/\"}}]}<\/script>\n<!-- \/ Yoast SEO plugin. -->","yoast_head_json":{"title":"RZ Pressmetall - RZ","robots":{"index":"index","follow":"follow","max-snippet":"max-snippet:-1","max-image-preview":"max-image-preview:large","max-video-preview":"max-video-preview:-1"},"canonical":"https:\/\/rzg.se\/en\/kontakt\/rz-pressmetall\/","og_locale":"en_GB","og_type":"article","og_title":"RZ Pressmetall - RZ","og_description":"Postadress: Box 225, 731 25 , K\u00f6pingBes\u00f6ksadress: J\u00e4rnv\u00e4gsgatan 5Telefon: 0221 &#8211; 180 30E-post: pressmetall@rzg.se Kontaktpersoner Andreas LindebergVDTelefon: 0221 &#8211; 45 66 11Mobil: 0721 \u2013 43 62 11E-post: andreas.lindeberg@rzg.se Peter Dahlstr\u00f6mProduktionschefTelefon:\u00a00221 \u2013 45 66 16Mobil:\u00a0079 \u2013 067 02 84E-post:\u00a0peter.dahlstrom@rzg.se Ida Hedstr\u00f6mKvalitets- och administrativ chefTelefon: 0221 &#8211; 45 66 13Mobil: 070 &#8211; 415 48 53E-post: ida.hedstrom@rzg.se Marie [&hellip;]","og_url":"https:\/\/rzg.se\/en\/kontakt\/rz-pressmetall\/","og_site_name":"RZ","article_modified_time":"2025-10-08T15:53:35+00:00","og_image":[{"width":978,"height":402,"url":"https:\/\/rzg.se\/wp-content\/uploads\/Pressmetall_978px-402px.jpg","type":"image\/jpeg"}],"twitter_card":"summary_large_image","twitter_misc":{"Estimated reading time":"1 minute"},"schema":{"@context":"https:\/\/schema.org","@graph":[{"@type":"WebPage","@id":"https:\/\/rzg.se\/kontakt\/rz-pressmetall\/","url":"https:\/\/rzg.se\/kontakt\/rz-pressmetall\/","name":"RZ Pressmetall - RZ","isPartOf":{"@id":"https:\/\/rzg.se\/#website"},"primaryImageOfPage":{"@id":"https:\/\/rzg.se\/kontakt\/rz-pressmetall\/#primaryimage"},"image":{"@id":"https:\/\/rzg.se\/kontakt\/rz-pressmetall\/#primaryimage"},"thumbnailUrl":"https:\/\/rzg.se\/wp-content\/uploads\/Pressmetall_978px-402px.jpg","datePublished":"2012-11-28T14:03:19+00:00","dateModified":"2025-10-08T15:53:35+00:00","breadcrumb":{"@id":"https:\/\/rzg.se\/kontakt\/rz-pressmetall\/#breadcrumb"},"inLanguage":"en-GB","potentialAction":[{"@type":"ReadAction","target":["https:\/\/rzg.se\/kontakt\/rz-pressmetall\/"]}]},{"@type":"ImageObject","inLanguage":"en-GB","@id":"https:\/\/rzg.se\/kontakt\/rz-pressmetall\/#primaryimage","url":"https:\/\/rzg.se\/wp-content\/uploads\/Pressmetall_978px-402px.jpg","contentUrl":"https:\/\/rzg.se\/wp-content\/uploads\/Pressmetall_978px-402px.jpg","width":"978","height":"402","caption":"Pressmetall"},{"@type":"BreadcrumbList","@id":"https:\/\/rzg.se\/kontakt\/rz-pressmetall\/#breadcrumb","itemListElement":[{"@type":"ListItem","position":1,"name":"Hem","item":"https:\/\/rzg.se\/"},{"@type":"ListItem","position":2,"name":"Kontakt","item":"https:\/\/rzg.se\/kontakt\/"},{"@type":"ListItem","position":3,"name":"RZ Pressmetall"}]},{"@type":"WebSite","@id":"https:\/\/rzg.se\/#website","url":"https:\/\/rzg.se\/","name":"RZ","description":"Mekaniska verkst\u00e4der med exakt precision","publisher":{"@id":"https:\/\/rzg.se\/#organization"},"potentialAction":[{"@type":"SearchAction","target":{"@type":"EntryPoint","urlTemplate":"https:\/\/rzg.se\/?s={search_term_string}"},"query-input":{"@type":"PropertyValueSpecification","valueRequired":true,"valueName":"search_term_string"}}],"inLanguage":"en-GB"},{"@type":"Organization","@id":"https:\/\/rzg.se\/#organization","name":"RZ","url":"https:\/\/rzg.se\/","logo":{"@type":"ImageObject","inLanguage":"en-GB","@id":"https:\/\/rzg.se\/#\/schema\/logo\/image\/","url":"https:\/\/rzg.se\/wp-content\/uploads\/RZ_logo.png","contentUrl":"https:\/\/rzg.se\/wp-content\/uploads\/RZ_logo.png","width":201,"height":201,"caption":"RZ"},"image":{"@id":"https:\/\/rzg.se\/#\/schema\/logo\/image\/"}}]}},"_links":{"self":[{"href":"https:\/\/rzg.se\/en\/wp-json\/wp\/v2\/pages\/910","targetHints":{"allow":["GET"]}}],"collection":[{"href":"https:\/\/rzg.se\/en\/wp-json\/wp\/v2\/pages"}],"about":[{"href":"https:\/\/rzg.se\/en\/wp-json\/wp\/v2\/types\/page"}],"author":[{"embeddable":true,"href":"https:\/\/rzg.se\/en\/wp-json\/wp\/v2\/users\/44"}],"replies":[{"embeddable":true,"href":"https:\/\/rzg.se\/en\/wp-json\/wp\/v2\/comments?post=910"}],"version-history":[{"count":32,"href":"https:\/\/rzg.se\/en\/wp-json\/wp\/v2\/pages\/910\/revisions"}],"predecessor-version":[{"id":5464,"href":"https:\/\/rzg.se\/en\/wp-json\/wp\/v2\/pages\/910\/revisions\/5464"}],"up":[{"embeddable":true,"href":"https:\/\/rzg.se\/en\/wp-json\/wp\/v2\/pages\/13"}],"wp:featuredmedia":[{"embeddable":true,"href":"https:\/\/rzg.se\/en\/wp-json\/wp\/v2\/media\/1207"}],"wp:attachment":[{"href":"https:\/\/rzg.se\/en\/wp-json\/wp\/v2\/media?parent=910"}],"curies":[{"name":"wp","href":"https:\/\/api.w.org\/{rel}","templated":true}]}}