{"id":557,"date":"2012-09-05T15:09:08","date_gmt":"2012-09-05T14:09:08","guid":{"rendered":"http:\/\/localhost\/wordpress\/?page_id=557"},"modified":"2025-12-10T13:09:39","modified_gmt":"2025-12-10T12:09:39","slug":"kvalitet-miljo","status":"publish","type":"page","link":"https:\/\/rzg.se\/en\/kvalitet-miljo\/","title":{"rendered":"Quality &amp; Environment"},"content":{"rendered":"<div data-elementor-type=\"wp-page\" data-elementor-id=\"557\" class=\"elementor elementor-557\" data-elementor-post-type=\"page\">\n\t\t\t\t<div class=\"elementor-element elementor-element-ed011b6 e-flex e-con-boxed e-con e-parent\" data-id=\"ed011b6\" data-element_type=\"container\" data-e-type=\"container\">\n\t\t\t\t\t<div class=\"e-con-inner\">\n\t\t<div class=\"elementor-element elementor-element-59f9896 e-con-full e-flex e-con e-child\" data-id=\"59f9896\" data-element_type=\"container\" data-e-type=\"container\">\n\t\t\t\t<div class=\"elementor-element elementor-element-5058ca6a elementor-widget elementor-widget-text-editor\" data-id=\"5058ca6a\" data-element_type=\"widget\" data-e-type=\"widget\" data-widget_type=\"text-editor.default\">\n\t\t\t\t<div class=\"elementor-widget-container\">\n\t\t\t\t\t\t\t\t\t<p>Arbetet med kvalitet och milj\u00f6 l\u00f6per som en r\u00f6d tr\u00e5d genom RZ Gruppens verksamhet. Varje dag arbetar vi med att minimera den yttre milj\u00f6p\u00e5verkan och f\u00f6rb\u00e4ttra milj\u00f6n inom v\u00e5ra f\u00f6retag.&nbsp; Vi jobbar helt enkelt f\u00f6r att uppn\u00e5 visionen om nolltolerans inom b\u00e5da omr\u00e5dena.<\/p>\n<p>Alla bolag i RZ Gruppen \u00e4r kvalitetscertifierade enligt ISO 9001:2015, ISO 45001:2018 och milj\u00f6certifierade enligt ISO 14001:2015.<\/p>\n<p>In addition, some of the companies have additional certifications and approvals. See the individual company for full details. <a href=\"https:\/\/rzg.se\/en\/vara-bolag\/\">Our companies<\/a>.<\/p>\t\t\t\t\t\t\t\t<\/div>\n\t\t\t\t<\/div>\n\t\t\t\t<div class=\"elementor-element elementor-element-91b46c0 dce_masking-none elementor-widget elementor-widget-image\" data-id=\"91b46c0\" data-element_type=\"widget\" data-e-type=\"widget\" data-widget_type=\"image.default\">\n\t\t\t\t<div class=\"elementor-widget-container\">\n\t\t\t\t\t\t\t\t\t\t\t\t\t\t\t<img decoding=\"async\" width=\"300\" height=\"47\" src=\"https:\/\/rzg.se\/wp-content\/uploads\/awards-and-certifications.png\" class=\"attachment-large size-large wp-image-4118\" alt=\"Awards and certifications\" \/>\t\t\t\t\t\t\t\t\t\t\t\t\t\t\t<\/div>\n\t\t\t\t<\/div>\n\t\t\t\t<\/div>\n\t\t<div class=\"elementor-element elementor-element-590f40c e-con-full e-flex e-con e-child\" data-id=\"590f40c\" data-element_type=\"container\" data-e-type=\"container\">\n\t\t\t\t<div class=\"elementor-element elementor-element-80aa3d7 elementor-widget elementor-widget-heading\" data-id=\"80aa3d7\" data-element_type=\"widget\" data-e-type=\"widget\" data-widget_type=\"heading.default\">\n\t\t\t\t<div class=\"elementor-widget-container\">\n\t\t\t\t\t<h3 class=\"elementor-heading-title elementor-size-default\">Contact us<\/h3>\t\t\t\t<\/div>\n\t\t\t\t<\/div>\n\t\t\t\t<div class=\"elementor-element elementor-element-1b6ec1e elementor-widget elementor-widget-text-editor\" data-id=\"1b6ec1e\" data-element_type=\"widget\" data-e-type=\"widget\" data-widget_type=\"text-editor.default\">\n\t\t\t\t<div class=\"elementor-widget-container\">\n\t\t\t\t\t\t\t\t\t<p>RZ Gruppen's headquarters is located at Magasinsv\u00e4gen 9 in Landvetter. You are welcome to reach out to us\u2014we will quickly direct you to the right contact person for your matter. You can also contact all our companies directly, of course.<\/p>\t\t\t\t\t\t\t\t<\/div>\n\t\t\t\t<\/div>\n\t\t\t\t<div class=\"elementor-element elementor-element-9f72728 elementor-widget elementor-widget-button\" data-id=\"9f72728\" data-element_type=\"widget\" data-e-type=\"widget\" data-widget_type=\"button.default\">\n\t\t\t\t<div class=\"elementor-widget-container\">\n\t\t\t\t\t\t\t\t\t<div class=\"elementor-button-wrapper\">\n\t\t\t\t\t<a class=\"elementor-button elementor-button-link elementor-size-sm\" href=\"https:\/\/rzg.se\/en\/kontakt\/\">\n\t\t\t\t\t\t<span class=\"elementor-button-content-wrapper\">\n\t\t\t\t\t\t\t\t\t<span class=\"elementor-button-text\">Contact us<\/span>\n\t\t\t\t\t<\/span>\n\t\t\t\t\t<\/a>\n\t\t\t\t<\/div>\n\t\t\t\t\t\t\t\t<\/div>\n\t\t\t\t<\/div>\n\t\t\t\t<\/div>\n\t\t\t\t\t<\/div>\n\t\t\t\t<\/div>\n\t\t\t\t<\/div>","protected":false},"excerpt":{"rendered":"<p>Arbetet med kvalitet och milj\u00f6 l\u00f6per som en r\u00f6d tr\u00e5d genom RZ Gruppens verksamhet. Varje dag arbetar vi med att minimera den yttre milj\u00f6p\u00e5verkan och f\u00f6rb\u00e4ttra milj\u00f6n inom v\u00e5ra f\u00f6retag.&nbsp; Vi jobbar helt enkelt f\u00f6r att uppn\u00e5 visionen om nolltolerans inom b\u00e5da omr\u00e5dena. Alla bolag i RZ Gruppen \u00e4r kvalitetscertifierade enligt ISO 9001:2015, ISO 45001:2018 [&hellip;]<\/p>\n","protected":false},"author":44,"featured_media":748,"parent":0,"menu_order":0,"comment_status":"closed","ping_status":"closed","template":"","meta":{"_acf_changed":false,"footnotes":""},"class_list":["post-557","page","type-page","status-publish","has-post-thumbnail","hentry"],"acf":[],"yoast_head":"<!-- This site is optimized with the Yoast SEO plugin v27.2 - https:\/\/yoast.com\/product\/yoast-seo-wordpress\/ -->\n<title>Kvalitet &amp; Milj\u00f6 - RZ<\/title>\n<meta name=\"robots\" content=\"index, follow, max-snippet:-1, max-image-preview:large, max-video-preview:-1\" \/>\n<link rel=\"canonical\" href=\"https:\/\/rzg.se\/en\/kvalitet-miljo\/\" \/>\n<meta property=\"og:locale\" content=\"en_GB\" \/>\n<meta property=\"og:type\" content=\"article\" \/>\n<meta property=\"og:title\" content=\"Kvalitet &amp; Milj\u00f6 - RZ\" \/>\n<meta property=\"og:description\" content=\"Arbetet med kvalitet och milj\u00f6 l\u00f6per som en r\u00f6d tr\u00e5d genom RZ Gruppens verksamhet. Varje dag arbetar vi med att minimera den yttre milj\u00f6p\u00e5verkan och f\u00f6rb\u00e4ttra milj\u00f6n inom v\u00e5ra f\u00f6retag.&nbsp; Vi jobbar helt enkelt f\u00f6r att uppn\u00e5 visionen om nolltolerans inom b\u00e5da omr\u00e5dena. Alla bolag i RZ Gruppen \u00e4r kvalitetscertifierade enligt ISO 9001:2015, ISO 45001:2018 [&hellip;]\" \/>\n<meta property=\"og:url\" content=\"https:\/\/rzg.se\/en\/kvalitet-miljo\/\" \/>\n<meta property=\"og:site_name\" content=\"RZ\" \/>\n<meta property=\"article:modified_time\" content=\"2025-12-10T12:09:39+00:00\" \/>\n<meta property=\"og:image\" content=\"https:\/\/rzg.se\/wp-content\/uploads\/papperskorg-01.jpg\" \/>\n\t<meta property=\"og:image:width\" content=\"978\" \/>\n\t<meta property=\"og:image:height\" content=\"402\" \/>\n\t<meta property=\"og:image:type\" content=\"image\/jpeg\" \/>\n<meta name=\"twitter:card\" content=\"summary_large_image\" \/>\n<meta name=\"twitter:label1\" content=\"Estimated reading time\" \/>\n\t<meta name=\"twitter:data1\" content=\"1 minute\" \/>\n<script type=\"application\/ld+json\" class=\"yoast-schema-graph\">{\"@context\":\"https:\/\/schema.org\",\"@graph\":[{\"@type\":\"WebPage\",\"@id\":\"https:\/\/rzg.se\/kvalitet-miljo\/\",\"url\":\"https:\/\/rzg.se\/kvalitet-miljo\/\",\"name\":\"Kvalitet & Milj\u00f6 - RZ\",\"isPartOf\":{\"@id\":\"https:\/\/rzg.se\/#website\"},\"primaryImageOfPage\":{\"@id\":\"https:\/\/rzg.se\/kvalitet-miljo\/#primaryimage\"},\"image\":{\"@id\":\"https:\/\/rzg.se\/kvalitet-miljo\/#primaryimage\"},\"thumbnailUrl\":\"https:\/\/rzg.se\/wp-content\/uploads\/papperskorg-01.jpg\",\"datePublished\":\"2012-09-05T14:09:08+00:00\",\"dateModified\":\"2025-12-10T12:09:39+00:00\",\"breadcrumb\":{\"@id\":\"https:\/\/rzg.se\/kvalitet-miljo\/#breadcrumb\"},\"inLanguage\":\"en-GB\",\"potentialAction\":[{\"@type\":\"ReadAction\",\"target\":[\"https:\/\/rzg.se\/kvalitet-miljo\/\"]}]},{\"@type\":\"ImageObject\",\"inLanguage\":\"en-GB\",\"@id\":\"https:\/\/rzg.se\/kvalitet-miljo\/#primaryimage\",\"url\":\"https:\/\/rzg.se\/wp-content\/uploads\/papperskorg-01.jpg\",\"contentUrl\":\"https:\/\/rzg.se\/wp-content\/uploads\/papperskorg-01.jpg\",\"width\":\"978\",\"height\":\"402\"},{\"@type\":\"BreadcrumbList\",\"@id\":\"https:\/\/rzg.se\/kvalitet-miljo\/#breadcrumb\",\"itemListElement\":[{\"@type\":\"ListItem\",\"position\":1,\"name\":\"Hem\",\"item\":\"https:\/\/rzg.se\/\"},{\"@type\":\"ListItem\",\"position\":2,\"name\":\"Kvalitet &#038; Milj\u00f6\"}]},{\"@type\":\"WebSite\",\"@id\":\"https:\/\/rzg.se\/#website\",\"url\":\"https:\/\/rzg.se\/\",\"name\":\"RZ\",\"description\":\"Mekaniska verkst\u00e4der med exakt precision\",\"publisher\":{\"@id\":\"https:\/\/rzg.se\/#organization\"},\"potentialAction\":[{\"@type\":\"SearchAction\",\"target\":{\"@type\":\"EntryPoint\",\"urlTemplate\":\"https:\/\/rzg.se\/?s={search_term_string}\"},\"query-input\":{\"@type\":\"PropertyValueSpecification\",\"valueRequired\":true,\"valueName\":\"search_term_string\"}}],\"inLanguage\":\"en-GB\"},{\"@type\":\"Organization\",\"@id\":\"https:\/\/rzg.se\/#organization\",\"name\":\"RZ\",\"url\":\"https:\/\/rzg.se\/\",\"logo\":{\"@type\":\"ImageObject\",\"inLanguage\":\"en-GB\",\"@id\":\"https:\/\/rzg.se\/#\/schema\/logo\/image\/\",\"url\":\"https:\/\/rzg.se\/wp-content\/uploads\/RZ_logo.png\",\"contentUrl\":\"https:\/\/rzg.se\/wp-content\/uploads\/RZ_logo.png\",\"width\":201,\"height\":201,\"caption\":\"RZ\"},\"image\":{\"@id\":\"https:\/\/rzg.se\/#\/schema\/logo\/image\/\"}}]}<\/script>\n<!-- \/ Yoast SEO plugin. -->","yoast_head_json":{"title":"Kvalitet & Milj\u00f6 - RZ","robots":{"index":"index","follow":"follow","max-snippet":"max-snippet:-1","max-image-preview":"max-image-preview:large","max-video-preview":"max-video-preview:-1"},"canonical":"https:\/\/rzg.se\/en\/kvalitet-miljo\/","og_locale":"en_GB","og_type":"article","og_title":"Kvalitet & Milj\u00f6 - RZ","og_description":"Arbetet med kvalitet och milj\u00f6 l\u00f6per som en r\u00f6d tr\u00e5d genom RZ Gruppens verksamhet. Varje dag arbetar vi med att minimera den yttre milj\u00f6p\u00e5verkan och f\u00f6rb\u00e4ttra milj\u00f6n inom v\u00e5ra f\u00f6retag.&nbsp; Vi jobbar helt enkelt f\u00f6r att uppn\u00e5 visionen om nolltolerans inom b\u00e5da omr\u00e5dena. Alla bolag i RZ Gruppen \u00e4r kvalitetscertifierade enligt ISO 9001:2015, ISO 45001:2018 [&hellip;]","og_url":"https:\/\/rzg.se\/en\/kvalitet-miljo\/","og_site_name":"RZ","article_modified_time":"2025-12-10T12:09:39+00:00","og_image":[{"width":978,"height":402,"url":"https:\/\/rzg.se\/wp-content\/uploads\/papperskorg-01.jpg","type":"image\/jpeg"}],"twitter_card":"summary_large_image","twitter_misc":{"Estimated reading time":"1 minute"},"schema":{"@context":"https:\/\/schema.org","@graph":[{"@type":"WebPage","@id":"https:\/\/rzg.se\/kvalitet-miljo\/","url":"https:\/\/rzg.se\/kvalitet-miljo\/","name":"Kvalitet & Milj\u00f6 - RZ","isPartOf":{"@id":"https:\/\/rzg.se\/#website"},"primaryImageOfPage":{"@id":"https:\/\/rzg.se\/kvalitet-miljo\/#primaryimage"},"image":{"@id":"https:\/\/rzg.se\/kvalitet-miljo\/#primaryimage"},"thumbnailUrl":"https:\/\/rzg.se\/wp-content\/uploads\/papperskorg-01.jpg","datePublished":"2012-09-05T14:09:08+00:00","dateModified":"2025-12-10T12:09:39+00:00","breadcrumb":{"@id":"https:\/\/rzg.se\/kvalitet-miljo\/#breadcrumb"},"inLanguage":"en-GB","potentialAction":[{"@type":"ReadAction","target":["https:\/\/rzg.se\/kvalitet-miljo\/"]}]},{"@type":"ImageObject","inLanguage":"en-GB","@id":"https:\/\/rzg.se\/kvalitet-miljo\/#primaryimage","url":"https:\/\/rzg.se\/wp-content\/uploads\/papperskorg-01.jpg","contentUrl":"https:\/\/rzg.se\/wp-content\/uploads\/papperskorg-01.jpg","width":"978","height":"402"},{"@type":"BreadcrumbList","@id":"https:\/\/rzg.se\/kvalitet-miljo\/#breadcrumb","itemListElement":[{"@type":"ListItem","position":1,"name":"Hem","item":"https:\/\/rzg.se\/"},{"@type":"ListItem","position":2,"name":"Kvalitet &#038; Milj\u00f6"}]},{"@type":"WebSite","@id":"https:\/\/rzg.se\/#website","url":"https:\/\/rzg.se\/","name":"RZ","description":"Mekaniska verkst\u00e4der med exakt precision","publisher":{"@id":"https:\/\/rzg.se\/#organization"},"potentialAction":[{"@type":"SearchAction","target":{"@type":"EntryPoint","urlTemplate":"https:\/\/rzg.se\/?s={search_term_string}"},"query-input":{"@type":"PropertyValueSpecification","valueRequired":true,"valueName":"search_term_string"}}],"inLanguage":"en-GB"},{"@type":"Organization","@id":"https:\/\/rzg.se\/#organization","name":"RZ","url":"https:\/\/rzg.se\/","logo":{"@type":"ImageObject","inLanguage":"en-GB","@id":"https:\/\/rzg.se\/#\/schema\/logo\/image\/","url":"https:\/\/rzg.se\/wp-content\/uploads\/RZ_logo.png","contentUrl":"https:\/\/rzg.se\/wp-content\/uploads\/RZ_logo.png","width":201,"height":201,"caption":"RZ"},"image":{"@id":"https:\/\/rzg.se\/#\/schema\/logo\/image\/"}}]}},"_links":{"self":[{"href":"https:\/\/rzg.se\/en\/wp-json\/wp\/v2\/pages\/557","targetHints":{"allow":["GET"]}}],"collection":[{"href":"https:\/\/rzg.se\/en\/wp-json\/wp\/v2\/pages"}],"about":[{"href":"https:\/\/rzg.se\/en\/wp-json\/wp\/v2\/types\/page"}],"author":[{"embeddable":true,"href":"https:\/\/rzg.se\/en\/wp-json\/wp\/v2\/users\/44"}],"replies":[{"embeddable":true,"href":"https:\/\/rzg.se\/en\/wp-json\/wp\/v2\/comments?post=557"}],"version-history":[{"count":34,"href":"https:\/\/rzg.se\/en\/wp-json\/wp\/v2\/pages\/557\/revisions"}],"predecessor-version":[{"id":5518,"href":"https:\/\/rzg.se\/en\/wp-json\/wp\/v2\/pages\/557\/revisions\/5518"}],"wp:featuredmedia":[{"embeddable":true,"href":"https:\/\/rzg.se\/en\/wp-json\/wp\/v2\/media\/748"}],"wp:attachment":[{"href":"https:\/\/rzg.se\/en\/wp-json\/wp\/v2\/media?parent=557"}],"curies":[{"name":"wp","href":"https:\/\/api.w.org\/{rel}","templated":true}]}}