{"id":4893,"date":"2024-12-13T15:19:35","date_gmt":"2024-12-13T14:19:35","guid":{"rendered":"https:\/\/rzg.se\/?page_id=4893"},"modified":"2026-03-09T13:16:59","modified_gmt":"2026-03-09T12:16:59","slug":"rz-torshallaverken","status":"publish","type":"page","link":"https:\/\/rzg.se\/en\/vara-bolag\/rz-torshallaverken\/","title":{"rendered":"RZ Torsh\u00e4llaverken"},"content":{"rendered":"<div data-elementor-type=\"wp-page\" data-elementor-id=\"4893\" class=\"elementor elementor-4893\" data-elementor-post-type=\"page\">\n\t\t\t\t<div class=\"elementor-element elementor-element-525b4e1 e-flex e-con-boxed e-con e-parent\" data-id=\"525b4e1\" data-element_type=\"container\" data-e-type=\"container\">\n\t\t\t\t\t<div class=\"e-con-inner\">\n\t\t<div class=\"elementor-element elementor-element-15f0b93 e-con-full e-flex e-con e-child\" data-id=\"15f0b93\" data-element_type=\"container\" data-e-type=\"container\">\n\t\t\t\t<div class=\"elementor-element elementor-element-9aa123b elementor-widget elementor-widget-text-editor\" data-id=\"9aa123b\" data-element_type=\"widget\" data-e-type=\"widget\" data-widget_type=\"text-editor.default\">\n\t\t\t\t<div class=\"elementor-widget-container\">\n\t\t\t\t\t\t\t\t\t<p style=\"font-weight: 400;\"><strong>RZ Torsh\u00e4llaverken AB\u00a0\u00e4r ett f\u00f6retag som verkar inom tillverkning av svetsade st\u00e5lkonstruktion, mestadels uppbyggda av bockad pl\u00e5t. Vi har v\u00e5r bas i Torsh\u00e4lla, d\u00e4r vi tillverkar, monterar och levererar produkter till svensk verkstadsindustri.<\/strong><\/p><p style=\"font-weight: 400;\">Med \u00f6ver 60 \u00e5rs erfarenhet har vi byggt ett rykte som en p\u00e5litlig akt\u00f6r och samarbetspartner. V\u00e5r verksamhet pr\u00e4glas av h\u00f6gt kundfokus och flexibilitet, vi jobbar mestadels med l\u00e5g- till mellanvolyms produkter och vill g\u00e4rna bli involverade tidigt i processen tillsammans med v\u00e5r kund. Allt hitta en s\u00e5 effektiv och h\u00e5llbar tillverkningsprocess som m\u00f6jligt.<\/p>\t\t\t\t\t\t\t\t<\/div>\n\t\t\t\t<\/div>\n\t\t\t\t<div class=\"elementor-element elementor-element-6cdf360 elementor-widget elementor-widget-heading\" data-id=\"6cdf360\" data-element_type=\"widget\" data-e-type=\"widget\" data-widget_type=\"heading.default\">\n\t\t\t\t<div class=\"elementor-widget-container\">\n\t\t\t\t\t<h2 class=\"elementor-heading-title elementor-size-default\">Svetsning<\/h2>\t\t\t\t<\/div>\n\t\t\t\t<\/div>\n\t\t\t\t<div class=\"elementor-element elementor-element-8c19ff5 elementor-widget elementor-widget-text-editor\" data-id=\"8c19ff5\" data-element_type=\"widget\" data-e-type=\"widget\" data-widget_type=\"text-editor.default\">\n\t\t\t\t<div class=\"elementor-widget-container\">\n\t\t\t\t\t\t\t\t\t<p>Vi erbjuder svetsning inom de flesta metoder, mestadels MIG\/MAG och TIG. Vi har m\u00f6jlighet att hantera st\u00f6rre produkter och har en lyftkapacitet p\u00e5 6ton i v\u00e5r svetsverkstad.<\/p>\t\t\t\t\t\t\t\t<\/div>\n\t\t\t\t<\/div>\n\t\t\t\t<div class=\"elementor-element elementor-element-3c083ea elementor-widget elementor-widget-heading\" data-id=\"3c083ea\" data-element_type=\"widget\" data-e-type=\"widget\" data-widget_type=\"heading.default\">\n\t\t\t\t<div class=\"elementor-widget-container\">\n\t\t\t\t\t<h2 class=\"elementor-heading-title elementor-size-default\">Maskinbearbetning<\/h2>\t\t\t\t<\/div>\n\t\t\t\t<\/div>\n\t\t\t\t<div class=\"elementor-element elementor-element-28fd8a8 elementor-widget elementor-widget-text-editor\" data-id=\"28fd8a8\" data-element_type=\"widget\" data-e-type=\"widget\" data-widget_type=\"text-editor.default\">\n\t\t\t\t<div class=\"elementor-widget-container\">\n\t\t\t\t\t\t\t\t\t<p>Vi erbjuder b\u00e5de fr\u00e4sning samt svarvning d\u00e4r vi har m\u00f6jlighet att ta fram en styck prototyper men \u00e4ven \u00e5terkommande volymartiklar.<\/p>\t\t\t\t\t\t\t\t<\/div>\n\t\t\t\t<\/div>\n\t\t\t\t<div class=\"elementor-element elementor-element-e15b3e7 elementor-widget elementor-widget-heading\" data-id=\"e15b3e7\" data-element_type=\"widget\" data-e-type=\"widget\" data-widget_type=\"heading.default\">\n\t\t\t\t<div class=\"elementor-widget-container\">\n\t\t\t\t\t<h2 class=\"elementor-heading-title elementor-size-default\">Assembly<\/h2>\t\t\t\t<\/div>\n\t\t\t\t<\/div>\n\t\t\t\t<div class=\"elementor-element elementor-element-6f844b0 elementor-widget elementor-widget-text-editor\" data-id=\"6f844b0\" data-element_type=\"widget\" data-e-type=\"widget\" data-widget_type=\"text-editor.default\">\n\t\t\t\t<div class=\"elementor-widget-container\">\n\t\t\t\t\t\t\t\t\t<p>Vi har en l\u00e5ng erfarenhet av att tillverka produkter d\u00e4r montering och provning ing\u00e5r. D\u00e4r har vi m\u00f6jlighet att tillsammans med kund utveckla en produkt tillsammans med v\u00e5r kund och leverera en f\u00e4rdig produkt, klar att anv\u00e4ndas hos slutanv\u00e4ndaren.<\/p>\t\t\t\t\t\t\t\t<\/div>\n\t\t\t\t<\/div>\n\t\t\t\t<\/div>\n\t\t<div class=\"elementor-element elementor-element-e596fcd e-con-full e-flex e-con e-child\" data-id=\"e596fcd\" data-element_type=\"container\" data-e-type=\"container\">\n\t\t\t\t<div class=\"elementor-element elementor-element-3a995a8 elementor-widget elementor-widget-heading\" data-id=\"3a995a8\" data-element_type=\"widget\" data-e-type=\"widget\" data-widget_type=\"heading.default\">\n\t\t\t\t<div class=\"elementor-widget-container\">\n\t\t\t\t\t<h3 class=\"elementor-heading-title elementor-size-default\">Contact<\/h3>\t\t\t\t<\/div>\n\t\t\t\t<\/div>\n\t\t\t\t<div class=\"elementor-element elementor-element-a4fa0cf elementor-widget elementor-widget-button\" data-id=\"a4fa0cf\" data-element_type=\"widget\" data-e-type=\"widget\" data-widget_type=\"button.default\">\n\t\t\t\t<div class=\"elementor-widget-container\">\n\t\t\t\t\t\t\t\t\t<div class=\"elementor-button-wrapper\">\n\t\t\t\t\t<a class=\"elementor-button elementor-button-link elementor-size-sm\" href=\"https:\/\/rzg.se\/en\/kontakt\/rz-torshallaverken\/\">\n\t\t\t\t\t\t<span class=\"elementor-button-content-wrapper\">\n\t\t\t\t\t\t\t\t\t<span class=\"elementor-button-text\">Contact us<\/span>\n\t\t\t\t\t<\/span>\n\t\t\t\t\t<\/a>\n\t\t\t\t<\/div>\n\t\t\t\t\t\t\t\t<\/div>\n\t\t\t\t<\/div>\n\t\t\t\t<div class=\"elementor-element elementor-element-d092be9 elementor-widget elementor-widget-heading\" data-id=\"d092be9\" data-element_type=\"widget\" data-e-type=\"widget\" data-widget_type=\"heading.default\">\n\t\t\t\t<div class=\"elementor-widget-container\">\n\t\t\t\t\t<h3 class=\"elementor-heading-title elementor-size-default\">Certificates<\/h3>\t\t\t\t<\/div>\n\t\t\t\t<\/div>\n\t\t\t\t<\/div>\n\t\t\t\t\t<\/div>\n\t\t\t\t<\/div>\n\t\t<div class=\"elementor-element elementor-element-4a1ce1d e-flex e-con-boxed e-con e-parent\" data-id=\"4a1ce1d\" data-element_type=\"container\" data-e-type=\"container\" data-settings=\"{&quot;background_background&quot;:&quot;classic&quot;}\">\n\t\t\t\t\t<div class=\"e-con-inner\">\n\t\t\t\t<div class=\"elementor-element elementor-element-aeeefb9 elementor-widget elementor-widget-heading\" data-id=\"aeeefb9\" data-element_type=\"widget\" data-e-type=\"widget\" data-widget_type=\"heading.default\">\n\t\t\t\t<div class=\"elementor-widget-container\">\n\t\t\t\t\t<h2 class=\"elementor-heading-title elementor-size-default\">Related news<\/h2>\t\t\t\t<\/div>\n\t\t\t\t<\/div>\n\t\t\t\t<div class=\"elementor-element elementor-element-261fd0e elementor-widget elementor-widget-text-editor\" data-id=\"261fd0e\" data-element_type=\"widget\" data-e-type=\"widget\" id=\"no-result\" data-widget_type=\"text-editor.default\">\n\t\t\t\t<div class=\"elementor-widget-container\">\n\t\t\t\t\t\t\t\t\t<p>There are no related news.<br \/><span style=\"text-decoration: underline;\"><a href=\"\/en\/nyheter\/\">Show all news<\/a><\/span><\/p>\t\t\t\t\t\t\t\t<\/div>\n\t\t\t\t<\/div>\n\t\t\t\t<div class=\"elementor-element elementor-element-008a0dc elementor-grid-tablet-1 elementor-grid-3 elementor-grid-mobile-1 elementor-posts--thumbnail-top elementor-widget elementor-widget-posts\" data-id=\"008a0dc\" data-element_type=\"widget\" data-e-type=\"widget\" id=\"available-posts\" data-settings=\"{&quot;classic_columns_tablet&quot;:&quot;1&quot;,&quot;classic_columns&quot;:&quot;3&quot;,&quot;classic_columns_mobile&quot;:&quot;1&quot;,&quot;classic_row_gap&quot;:{&quot;unit&quot;:&quot;px&quot;,&quot;size&quot;:35,&quot;sizes&quot;:[]},&quot;classic_row_gap_tablet&quot;:{&quot;unit&quot;:&quot;px&quot;,&quot;size&quot;:&quot;&quot;,&quot;sizes&quot;:[]},&quot;classic_row_gap_mobile&quot;:{&quot;unit&quot;:&quot;px&quot;,&quot;size&quot;:&quot;&quot;,&quot;sizes&quot;:[]}}\" data-widget_type=\"posts.classic\">\n\t\t\t\t<div class=\"elementor-widget-container\">\n\t\t\t\t\t\t\t<div class=\"elementor-posts-container elementor-posts elementor-posts--skin-classic elementor-grid\" role=\"list\">\n\t\t\t\t<article class=\"elementor-post elementor-grid-item post-5474 post type-post status-publish format-standard has-post-thumbnail hentry category-rz-torshallaverken\" role=\"listitem\">\n\t\t\t\t<a class=\"elementor-post__thumbnail__link\" href=\"https:\/\/rzg.se\/en\/bolag\/rz-torshallaverken\/rz-torshallaverken-investerar-i-nya-svetsmaskiner\/\" tabindex=\"-1\" >\n\t\t\t<div class=\"elementor-post__thumbnail\"><img fetchpriority=\"high\" decoding=\"async\" width=\"768\" height=\"512\" src=\"https:\/\/rzg.se\/wp-content\/uploads\/Triple-Welding-Machines-768x512.webp\" class=\"attachment-medium_large size-medium_large wp-image-5477\" alt=\"\" srcset=\"https:\/\/rzg.se\/wp-content\/uploads\/Triple-Welding-Machines-768x512.webp 768w, https:\/\/rzg.se\/wp-content\/uploads\/Triple-Welding-Machines-189x126.webp 189w, https:\/\/rzg.se\/wp-content\/uploads\/Triple-Welding-Machines-390x260.webp 390w, https:\/\/rzg.se\/wp-content\/uploads\/Triple-Welding-Machines-18x12.webp 18w, https:\/\/rzg.se\/wp-content\/uploads\/Triple-Welding-Machines.webp 1536w\" sizes=\"(max-width: 768px) 100vw, 768px\" \/><\/div>\n\t\t<\/a>\n\t\t\t\t<div class=\"elementor-post__text\">\n\t\t\t\t<h3 class=\"elementor-post__title\">\n\t\t\t<a href=\"https:\/\/rzg.se\/en\/bolag\/rz-torshallaverken\/rz-torshallaverken-investerar-i-nya-svetsmaskiner\/\" >\n\t\t\t\tRZ Torsh\u00e4llaverken investerar i nya svetsmaskiner\t\t\t<\/a>\n\t\t<\/h3>\n\t\t\t\t<div class=\"elementor-post__meta-data\">\n\t\t\t\t\t<span class=\"elementor-post-date\">\n\t\t\tOctober 16, 2025\t\t<\/span>\n\t\t\t\t<\/div>\n\t\t\t\t<div class=\"elementor-post__excerpt\">\n\t\t\t<p>RZ Torsh\u00e4llaverken satsar fram\u00e5t och investerar i tre nya EWM Titan XQ 400-svetsmaskiner. Investeringen st\u00e4rker v\u00e5r produktionskapacitet och bidrar till<\/p>\n\t\t<\/div>\n\t\t\t\t<\/div>\n\t\t\t\t<\/article>\n\t\t\t\t<article class=\"elementor-post elementor-grid-item post-4866 post type-post status-publish format-standard has-post-thumbnail hentry category-pressmeddelande category-rz-torshallaverken\" role=\"listitem\">\n\t\t\t\t<a class=\"elementor-post__thumbnail__link\" href=\"https:\/\/rzg.se\/en\/bolag\/rz-torshallaverken\/rz-gruppen-forvarvar-sha-torshallaverken\/\" tabindex=\"-1\" >\n\t\t\t<div class=\"elementor-post__thumbnail\"><img decoding=\"async\" width=\"768\" height=\"576\" src=\"https:\/\/rzg.se\/wp-content\/uploads\/RZ-torshallaverken-768x576.jpg\" class=\"attachment-medium_large size-medium_large wp-image-4869\" alt=\"\" srcset=\"https:\/\/rzg.se\/wp-content\/uploads\/RZ-torshallaverken-768x576.jpg 768w, https:\/\/rzg.se\/wp-content\/uploads\/RZ-torshallaverken-168x126.jpg 168w, https:\/\/rzg.se\/wp-content\/uploads\/RZ-torshallaverken-347x260.jpg 347w, https:\/\/rzg.se\/wp-content\/uploads\/RZ-torshallaverken-16x12.jpg 16w, https:\/\/rzg.se\/wp-content\/uploads\/RZ-torshallaverken.jpg 1400w\" sizes=\"(max-width: 768px) 100vw, 768px\" \/><\/div>\n\t\t<\/a>\n\t\t\t\t<div class=\"elementor-post__text\">\n\t\t\t\t<h3 class=\"elementor-post__title\">\n\t\t\t<a href=\"https:\/\/rzg.se\/en\/bolag\/rz-torshallaverken\/rz-gruppen-forvarvar-sha-torshallaverken\/\" >\n\t\t\t\tRZ Gruppen f\u00f6rv\u00e4rvar SHA Torsh\u00e4llaverken\t\t\t<\/a>\n\t\t<\/h3>\n\t\t\t\t<div class=\"elementor-post__meta-data\">\n\t\t\t\t\t<span class=\"elementor-post-date\">\n\t\t\tDecember 10, 2024\t\t<\/span>\n\t\t\t\t<\/div>\n\t\t\t\t<div class=\"elementor-post__excerpt\">\n\t\t\t<p>RZ Gruppen meddelar att de har f\u00f6rv\u00e4rvat SHA Torsh\u00e4llaverken, ett v\u00e4letablerat f\u00f6retag inom tillverkning av st\u00f6rre svetsade st\u00e5lkonstruktioner.<\/p>\n\t\t<\/div>\n\t\t\t\t<\/div>\n\t\t\t\t<\/article>\n\t\t\t\t<\/div>\n\t\t\n\t\t\t\t\t\t<\/div>\n\t\t\t\t<\/div>\n\t\t\t\t<div class=\"elementor-element elementor-element-da01375 elementor-mobile-align-center elementor-widget elementor-widget-button\" data-id=\"da01375\" data-element_type=\"widget\" data-e-type=\"widget\" data-widget_type=\"button.default\">\n\t\t\t\t<div class=\"elementor-widget-container\">\n\t\t\t\t\t\t\t\t\t<div class=\"elementor-button-wrapper\">\n\t\t\t\t\t<a class=\"elementor-button elementor-button-link elementor-size-sm\" href=\"https:\/\/rzg.se\/en\/category\/bolag\/rz-torshallaverken\/\">\n\t\t\t\t\t\t<span class=\"elementor-button-content-wrapper\">\n\t\t\t\t\t\t\t\t\t<span class=\"elementor-button-text\">Show all our news<\/span>\n\t\t\t\t\t<\/span>\n\t\t\t\t\t<\/a>\n\t\t\t\t<\/div>\n\t\t\t\t\t\t\t\t<\/div>\n\t\t\t\t<\/div>\n\t\t\t\t\t<\/div>\n\t\t\t\t<\/div>\n\t\t\t\t<\/div>","protected":false},"excerpt":{"rendered":"<p>RZ Torsh\u00e4llaverken AB\u00a0\u00e4r ett f\u00f6retag som verkar inom tillverkning av svetsade st\u00e5lkonstruktion, mestadels uppbyggda av bockad pl\u00e5t.<\/p>","protected":false},"author":45,"featured_media":5112,"parent":3991,"menu_order":0,"comment_status":"closed","ping_status":"closed","template":"","meta":{"_acf_changed":false,"footnotes":""},"class_list":["post-4893","page","type-page","status-publish","has-post-thumbnail","hentry"],"acf":[],"yoast_head":"<!-- This site is optimized with the Yoast SEO plugin v27.2 - https:\/\/yoast.com\/product\/yoast-seo-wordpress\/ -->\n<title>RZ Torsh\u00e4llaverken - RZ<\/title>\n<meta name=\"robots\" content=\"index, follow, max-snippet:-1, max-image-preview:large, max-video-preview:-1\" \/>\n<link rel=\"canonical\" href=\"https:\/\/rzg.se\/en\/vara-bolag\/rz-torshallaverken\/\" \/>\n<meta property=\"og:locale\" content=\"en_GB\" \/>\n<meta property=\"og:type\" content=\"article\" \/>\n<meta property=\"og:title\" content=\"RZ Torsh\u00e4llaverken - RZ\" \/>\n<meta property=\"og:description\" content=\"RZ Torsh\u00e4llaverken AB\u00a0\u00e4r ett f\u00f6retag som verkar inom tillverkning av svetsade st\u00e5lkonstruktion, mestadels uppbyggda av bockad pl\u00e5t.\" \/>\n<meta property=\"og:url\" content=\"https:\/\/rzg.se\/en\/vara-bolag\/rz-torshallaverken\/\" \/>\n<meta property=\"og:site_name\" content=\"RZ\" \/>\n<meta property=\"article:modified_time\" content=\"2026-03-09T12:16:59+00:00\" \/>\n<meta property=\"og:image\" content=\"https:\/\/rzg.se\/wp-content\/uploads\/Torshallaverken-hero.jpg\" \/>\n\t<meta property=\"og:image:width\" content=\"1600\" \/>\n\t<meta property=\"og:image:height\" content=\"675\" \/>\n\t<meta property=\"og:image:type\" content=\"image\/jpeg\" \/>\n<meta name=\"twitter:card\" content=\"summary_large_image\" \/>\n<meta name=\"twitter:label1\" content=\"Estimated reading time\" \/>\n\t<meta name=\"twitter:data1\" content=\"3 minutes\" \/>\n<script type=\"application\/ld+json\" class=\"yoast-schema-graph\">{\"@context\":\"https:\/\/schema.org\",\"@graph\":[{\"@type\":\"WebPage\",\"@id\":\"https:\/\/rzg.se\/vara-bolag\/rz-torshallaverken\/\",\"url\":\"https:\/\/rzg.se\/vara-bolag\/rz-torshallaverken\/\",\"name\":\"RZ Torsh\u00e4llaverken - RZ\",\"isPartOf\":{\"@id\":\"https:\/\/rzg.se\/#website\"},\"primaryImageOfPage\":{\"@id\":\"https:\/\/rzg.se\/vara-bolag\/rz-torshallaverken\/#primaryimage\"},\"image\":{\"@id\":\"https:\/\/rzg.se\/vara-bolag\/rz-torshallaverken\/#primaryimage\"},\"thumbnailUrl\":\"https:\/\/rzg.se\/wp-content\/uploads\/Torshallaverken-hero.jpg\",\"datePublished\":\"2024-12-13T14:19:35+00:00\",\"dateModified\":\"2026-03-09T12:16:59+00:00\",\"breadcrumb\":{\"@id\":\"https:\/\/rzg.se\/vara-bolag\/rz-torshallaverken\/#breadcrumb\"},\"inLanguage\":\"en-GB\",\"potentialAction\":[{\"@type\":\"ReadAction\",\"target\":[\"https:\/\/rzg.se\/vara-bolag\/rz-torshallaverken\/\"]}]},{\"@type\":\"ImageObject\",\"inLanguage\":\"en-GB\",\"@id\":\"https:\/\/rzg.se\/vara-bolag\/rz-torshallaverken\/#primaryimage\",\"url\":\"https:\/\/rzg.se\/wp-content\/uploads\/Torshallaverken-hero.jpg\",\"contentUrl\":\"https:\/\/rzg.se\/wp-content\/uploads\/Torshallaverken-hero.jpg\",\"width\":1600,\"height\":675,\"caption\":\"RZ Torsh\u00e4llaverken\"},{\"@type\":\"BreadcrumbList\",\"@id\":\"https:\/\/rzg.se\/vara-bolag\/rz-torshallaverken\/#breadcrumb\",\"itemListElement\":[{\"@type\":\"ListItem\",\"position\":1,\"name\":\"Hem\",\"item\":\"https:\/\/rzg.se\/\"},{\"@type\":\"ListItem\",\"position\":2,\"name\":\"V\u00e5ra bolag\",\"item\":\"https:\/\/rzg.se\/vara-bolag\/\"},{\"@type\":\"ListItem\",\"position\":3,\"name\":\"RZ Torsh\u00e4llaverken\"}]},{\"@type\":\"WebSite\",\"@id\":\"https:\/\/rzg.se\/#website\",\"url\":\"https:\/\/rzg.se\/\",\"name\":\"RZ\",\"description\":\"Mekaniska verkst\u00e4der med exakt precision\",\"publisher\":{\"@id\":\"https:\/\/rzg.se\/#organization\"},\"potentialAction\":[{\"@type\":\"SearchAction\",\"target\":{\"@type\":\"EntryPoint\",\"urlTemplate\":\"https:\/\/rzg.se\/?s={search_term_string}\"},\"query-input\":{\"@type\":\"PropertyValueSpecification\",\"valueRequired\":true,\"valueName\":\"search_term_string\"}}],\"inLanguage\":\"en-GB\"},{\"@type\":\"Organization\",\"@id\":\"https:\/\/rzg.se\/#organization\",\"name\":\"RZ\",\"url\":\"https:\/\/rzg.se\/\",\"logo\":{\"@type\":\"ImageObject\",\"inLanguage\":\"en-GB\",\"@id\":\"https:\/\/rzg.se\/#\/schema\/logo\/image\/\",\"url\":\"https:\/\/rzg.se\/wp-content\/uploads\/RZ_logo.png\",\"contentUrl\":\"https:\/\/rzg.se\/wp-content\/uploads\/RZ_logo.png\",\"width\":201,\"height\":201,\"caption\":\"RZ\"},\"image\":{\"@id\":\"https:\/\/rzg.se\/#\/schema\/logo\/image\/\"}}]}<\/script>\n<!-- \/ Yoast SEO plugin. -->","yoast_head_json":{"title":"RZ Torsh\u00e4llaverken - RZ","robots":{"index":"index","follow":"follow","max-snippet":"max-snippet:-1","max-image-preview":"max-image-preview:large","max-video-preview":"max-video-preview:-1"},"canonical":"https:\/\/rzg.se\/en\/vara-bolag\/rz-torshallaverken\/","og_locale":"en_GB","og_type":"article","og_title":"RZ Torsh\u00e4llaverken - RZ","og_description":"RZ Torsh\u00e4llaverken AB\u00a0\u00e4r ett f\u00f6retag som verkar inom tillverkning av svetsade st\u00e5lkonstruktion, mestadels uppbyggda av bockad pl\u00e5t.","og_url":"https:\/\/rzg.se\/en\/vara-bolag\/rz-torshallaverken\/","og_site_name":"RZ","article_modified_time":"2026-03-09T12:16:59+00:00","og_image":[{"width":1600,"height":675,"url":"https:\/\/rzg.se\/wp-content\/uploads\/Torshallaverken-hero.jpg","type":"image\/jpeg"}],"twitter_card":"summary_large_image","twitter_misc":{"Estimated reading time":"3 minutes"},"schema":{"@context":"https:\/\/schema.org","@graph":[{"@type":"WebPage","@id":"https:\/\/rzg.se\/vara-bolag\/rz-torshallaverken\/","url":"https:\/\/rzg.se\/vara-bolag\/rz-torshallaverken\/","name":"RZ Torsh\u00e4llaverken - RZ","isPartOf":{"@id":"https:\/\/rzg.se\/#website"},"primaryImageOfPage":{"@id":"https:\/\/rzg.se\/vara-bolag\/rz-torshallaverken\/#primaryimage"},"image":{"@id":"https:\/\/rzg.se\/vara-bolag\/rz-torshallaverken\/#primaryimage"},"thumbnailUrl":"https:\/\/rzg.se\/wp-content\/uploads\/Torshallaverken-hero.jpg","datePublished":"2024-12-13T14:19:35+00:00","dateModified":"2026-03-09T12:16:59+00:00","breadcrumb":{"@id":"https:\/\/rzg.se\/vara-bolag\/rz-torshallaverken\/#breadcrumb"},"inLanguage":"en-GB","potentialAction":[{"@type":"ReadAction","target":["https:\/\/rzg.se\/vara-bolag\/rz-torshallaverken\/"]}]},{"@type":"ImageObject","inLanguage":"en-GB","@id":"https:\/\/rzg.se\/vara-bolag\/rz-torshallaverken\/#primaryimage","url":"https:\/\/rzg.se\/wp-content\/uploads\/Torshallaverken-hero.jpg","contentUrl":"https:\/\/rzg.se\/wp-content\/uploads\/Torshallaverken-hero.jpg","width":1600,"height":675,"caption":"RZ Torsh\u00e4llaverken"},{"@type":"BreadcrumbList","@id":"https:\/\/rzg.se\/vara-bolag\/rz-torshallaverken\/#breadcrumb","itemListElement":[{"@type":"ListItem","position":1,"name":"Hem","item":"https:\/\/rzg.se\/"},{"@type":"ListItem","position":2,"name":"V\u00e5ra bolag","item":"https:\/\/rzg.se\/vara-bolag\/"},{"@type":"ListItem","position":3,"name":"RZ Torsh\u00e4llaverken"}]},{"@type":"WebSite","@id":"https:\/\/rzg.se\/#website","url":"https:\/\/rzg.se\/","name":"RZ","description":"Mekaniska verkst\u00e4der med exakt precision","publisher":{"@id":"https:\/\/rzg.se\/#organization"},"potentialAction":[{"@type":"SearchAction","target":{"@type":"EntryPoint","urlTemplate":"https:\/\/rzg.se\/?s={search_term_string}"},"query-input":{"@type":"PropertyValueSpecification","valueRequired":true,"valueName":"search_term_string"}}],"inLanguage":"en-GB"},{"@type":"Organization","@id":"https:\/\/rzg.se\/#organization","name":"RZ","url":"https:\/\/rzg.se\/","logo":{"@type":"ImageObject","inLanguage":"en-GB","@id":"https:\/\/rzg.se\/#\/schema\/logo\/image\/","url":"https:\/\/rzg.se\/wp-content\/uploads\/RZ_logo.png","contentUrl":"https:\/\/rzg.se\/wp-content\/uploads\/RZ_logo.png","width":201,"height":201,"caption":"RZ"},"image":{"@id":"https:\/\/rzg.se\/#\/schema\/logo\/image\/"}}]}},"_links":{"self":[{"href":"https:\/\/rzg.se\/en\/wp-json\/wp\/v2\/pages\/4893","targetHints":{"allow":["GET"]}}],"collection":[{"href":"https:\/\/rzg.se\/en\/wp-json\/wp\/v2\/pages"}],"about":[{"href":"https:\/\/rzg.se\/en\/wp-json\/wp\/v2\/types\/page"}],"author":[{"embeddable":true,"href":"https:\/\/rzg.se\/en\/wp-json\/wp\/v2\/users\/45"}],"replies":[{"embeddable":true,"href":"https:\/\/rzg.se\/en\/wp-json\/wp\/v2\/comments?post=4893"}],"version-history":[{"count":18,"href":"https:\/\/rzg.se\/en\/wp-json\/wp\/v2\/pages\/4893\/revisions"}],"predecessor-version":[{"id":5719,"href":"https:\/\/rzg.se\/en\/wp-json\/wp\/v2\/pages\/4893\/revisions\/5719"}],"up":[{"embeddable":true,"href":"https:\/\/rzg.se\/en\/wp-json\/wp\/v2\/pages\/3991"}],"wp:featuredmedia":[{"embeddable":true,"href":"https:\/\/rzg.se\/en\/wp-json\/wp\/v2\/media\/5112"}],"wp:attachment":[{"href":"https:\/\/rzg.se\/en\/wp-json\/wp\/v2\/media?parent=4893"}],"curies":[{"name":"wp","href":"https:\/\/api.w.org\/{rel}","templated":true}]}}