{"id":2085,"date":"2016-09-15T16:26:36","date_gmt":"2016-09-15T15:26:36","guid":{"rendered":"http:\/\/www.rzg.se\/?page_id=2085"},"modified":"2026-03-05T12:46:16","modified_gmt":"2026-03-05T11:46:16","slug":"rz-hb-mekaniska","status":"publish","type":"page","link":"https:\/\/rzg.se\/en\/kontakt\/rz-hb-mekaniska\/","title":{"rendered":"RZ HB Mekaniska"},"content":{"rendered":"<p><strong>Mailing address<\/strong> Magasinsv\u00e4gen 9, SE-438 36, Landvetter, Sweden<br \/>\n<strong>Visiting address<\/strong> <a title=\"Show on map\" href=\"https:\/\/goo.gl\/maps\/NK1TJG2UE5P2\">\u00c5v\u00e4gen 1, 435 44 M\u00f6lnlycke<\/a><br \/>\n<strong>Phone:<\/strong> 031 &#8211; 98 50 70<br \/>\n<strong>E-mail:<\/strong> <a href=\"mailto:info@hbmek.se\">info@hbmek.se<\/a><br \/>\n<strong>E-mail invoices <\/strong><a href=\"\/en\/finans@rzgruppen.se\/\">finans@rzgruppen.se<\/a><br \/>\n<strong>Web:<\/strong> <a href=\"http:\/\/hbmek.se\/\" target=\"_blank\" rel=\"noopener noreferrer\">hbmek.se<\/a><\/p>\n<h2>Contacts<\/h2>\n<p><strong>Niklas Bengtsson<\/strong><br \/>\n<em>CEO<\/em><br \/>\n<strong>Phone: <\/strong> 031 &#8211; 98 50 75<br \/>\n<strong>Mobile: <\/strong> 0708 &#8211; 54 30 75<br \/>\n<strong>E-mail: <\/strong> <a href=\"mailto:niklas.bengtsson@hbmek.se\">niklas.bengtsson@hbmek.se<\/a><\/p>\n<p><strong>Claes B\u00f6rjesson<\/strong><br \/>\n<strong>Phone: <\/strong> 031 &#8211; 98 50 81<br \/>\n<strong>E-mail: <\/strong><a href=\"mailto:claes.borjesson@hbmek.se\">claes.borjesson@hbmek.se<\/a><\/p>\n<p><strong>Mats Hake<\/strong><br \/>\nPreparation, purchase<br \/>\n<strong>Phone: <\/strong> 031 &#8211; 98 50 80<br \/>\n<strong>E-mail: <\/strong><a href=\"mailto:Mats.hake@hbmek.se\" target=\"_blank\" rel=\"noopener\">Mats.hake@hbmek.se<\/a><\/p>\n<p><strong>Magnus Svensson<\/strong><br \/>\nPreparation, purchase<br \/>\n<strong>Phone: <\/strong> 031 &#8211; 98 50 73<br \/>\n<strong>E-mail: <\/strong><a href=\"mailto:Magnus.svensson@hbmek.se\" target=\"_blank\" rel=\"noopener\">Magnus.svensson@hbmek.se<\/a><\/p>\n<p style=\"font-weight: 400;\"><strong>Magnus Petersson<\/strong><br \/>\nBeredning<br \/>\n<strong>Phone:<\/strong> 031 98 50 72<br \/>\n<strong>E-mail:<\/strong> <a href=\"mailto:Magnus.petersson@hbmek.se\">Magnus.petersson@hbmek.se<\/a><\/p>\n<p><strong>Emilia Johansson<\/strong><br \/>\n<em>Administration, purchase<br \/>\n<\/em><strong>Phone:<\/strong> 031 &#8211; 98 50 71<em><br \/>\n<\/em><strong>E-mail: <\/strong><a href=\"mailto:emilia.johansson@hbmek.se\" target=\"_blank\" rel=\"noopener\">emilia.johansson@hbmek.se<\/a><em><br \/>\n<\/em><\/p>\n<p><strong>Marie Mattsson<\/strong><br \/>\n<em>CFO<\/em><br \/>\n<strong>Phone:<\/strong> 031 &#8211; 719 60 44<br \/>\n<strong>E-mail:<\/strong> <a href=\"mailto:marie.mattsson@rzgruppen.se\">marie.mattsson@rzgruppen.se<\/a><\/p>\n<p><strong>Finance<\/strong><br \/>\n<strong>Phone:<\/strong> 031-719 60 44\/031-719 60 47<br \/>\n<strong>E-mail:<\/strong> <a href=\"mailto:finans@rzgruppen.se\">finans@rzgruppen.se<\/a><\/p>","protected":false},"excerpt":{"rendered":"<p>Postadress: Magasinsv\u00e4gen 9, 438 36 Landvetter Bes\u00f6ksadress: \u00c5v\u00e4gen 1, 435 44 M\u00f6lnlycke Telefon: 031 &#8211; 98 50 70 E-mail: info@hbmek.se E-mail fakturor: finans@rzgruppen.se Webb: hbmek.se Kontaktpersoner Niklas Bengtsson VD Telefon: 031 &#8211; 98 50 75 Mobil: 0708 &#8211; 54 30 75 E-post: niklas.bengtsson@hbmek.se Claes B\u00f6rjesson Telefon: 031 &#8211; 98 50 81 E-post: claes.borjesson@hbmek.se Mats Hake [&hellip;]<\/p>\n","protected":false},"author":40,"featured_media":2009,"parent":13,"menu_order":0,"comment_status":"closed","ping_status":"closed","template":"","meta":{"_acf_changed":false,"footnotes":""},"class_list":["post-2085","page","type-page","status-publish","has-post-thumbnail","hentry"],"acf":[],"yoast_head":"<!-- This site is optimized with the Yoast SEO plugin v27.2 - https:\/\/yoast.com\/product\/yoast-seo-wordpress\/ -->\n<title>RZ HB Mekaniska - RZ<\/title>\n<meta name=\"robots\" content=\"index, follow, max-snippet:-1, max-image-preview:large, max-video-preview:-1\" \/>\n<link rel=\"canonical\" href=\"https:\/\/rzg.se\/en\/kontakt\/rz-hb-mekaniska\/\" \/>\n<meta property=\"og:locale\" content=\"en_GB\" \/>\n<meta property=\"og:type\" content=\"article\" \/>\n<meta property=\"og:title\" content=\"RZ HB Mekaniska - RZ\" \/>\n<meta property=\"og:description\" content=\"Postadress: Magasinsv\u00e4gen 9, 438 36 Landvetter Bes\u00f6ksadress: \u00c5v\u00e4gen 1, 435 44 M\u00f6lnlycke Telefon: 031 &#8211; 98 50 70 E-mail: info@hbmek.se E-mail fakturor: finans@rzgruppen.se Webb: hbmek.se Kontaktpersoner Niklas Bengtsson VD Telefon: 031 &#8211; 98 50 75 Mobil: 0708 &#8211; 54 30 75 E-post: niklas.bengtsson@hbmek.se Claes B\u00f6rjesson Telefon: 031 &#8211; 98 50 81 E-post: claes.borjesson@hbmek.se Mats Hake [&hellip;]\" \/>\n<meta property=\"og:url\" content=\"https:\/\/rzg.se\/en\/kontakt\/rz-hb-mekaniska\/\" \/>\n<meta property=\"og:site_name\" content=\"RZ\" \/>\n<meta property=\"article:modified_time\" content=\"2026-03-05T11:46:16+00:00\" \/>\n<meta property=\"og:image\" content=\"https:\/\/rzg.se\/wp-content\/uploads\/hb-mekaniska.jpg\" \/>\n\t<meta property=\"og:image:width\" content=\"978\" \/>\n\t<meta property=\"og:image:height\" content=\"402\" \/>\n\t<meta property=\"og:image:type\" content=\"image\/jpeg\" \/>\n<meta name=\"twitter:card\" content=\"summary_large_image\" \/>\n<meta name=\"twitter:label1\" content=\"Estimated reading time\" \/>\n\t<meta name=\"twitter:data1\" content=\"1 minute\" \/>\n<script type=\"application\/ld+json\" class=\"yoast-schema-graph\">{\"@context\":\"https:\/\/schema.org\",\"@graph\":[{\"@type\":\"WebPage\",\"@id\":\"https:\/\/rzg.se\/kontakt\/rz-hb-mekaniska\/\",\"url\":\"https:\/\/rzg.se\/kontakt\/rz-hb-mekaniska\/\",\"name\":\"RZ HB Mekaniska - RZ\",\"isPartOf\":{\"@id\":\"https:\/\/rzg.se\/#website\"},\"primaryImageOfPage\":{\"@id\":\"https:\/\/rzg.se\/kontakt\/rz-hb-mekaniska\/#primaryimage\"},\"image\":{\"@id\":\"https:\/\/rzg.se\/kontakt\/rz-hb-mekaniska\/#primaryimage\"},\"thumbnailUrl\":\"https:\/\/rzg.se\/wp-content\/uploads\/hb-mekaniska.jpg\",\"datePublished\":\"2016-09-15T15:26:36+00:00\",\"dateModified\":\"2026-03-05T11:46:16+00:00\",\"breadcrumb\":{\"@id\":\"https:\/\/rzg.se\/kontakt\/rz-hb-mekaniska\/#breadcrumb\"},\"inLanguage\":\"en-GB\",\"potentialAction\":[{\"@type\":\"ReadAction\",\"target\":[\"https:\/\/rzg.se\/kontakt\/rz-hb-mekaniska\/\"]}]},{\"@type\":\"ImageObject\",\"inLanguage\":\"en-GB\",\"@id\":\"https:\/\/rzg.se\/kontakt\/rz-hb-mekaniska\/#primaryimage\",\"url\":\"https:\/\/rzg.se\/wp-content\/uploads\/hb-mekaniska.jpg\",\"contentUrl\":\"https:\/\/rzg.se\/wp-content\/uploads\/hb-mekaniska.jpg\",\"width\":978,\"height\":402},{\"@type\":\"BreadcrumbList\",\"@id\":\"https:\/\/rzg.se\/kontakt\/rz-hb-mekaniska\/#breadcrumb\",\"itemListElement\":[{\"@type\":\"ListItem\",\"position\":1,\"name\":\"Hem\",\"item\":\"https:\/\/rzg.se\/\"},{\"@type\":\"ListItem\",\"position\":2,\"name\":\"Kontakt\",\"item\":\"https:\/\/rzg.se\/kontakt\/\"},{\"@type\":\"ListItem\",\"position\":3,\"name\":\"RZ HB Mekaniska\"}]},{\"@type\":\"WebSite\",\"@id\":\"https:\/\/rzg.se\/#website\",\"url\":\"https:\/\/rzg.se\/\",\"name\":\"RZ\",\"description\":\"Mekaniska verkst\u00e4der med exakt precision\",\"publisher\":{\"@id\":\"https:\/\/rzg.se\/#organization\"},\"potentialAction\":[{\"@type\":\"SearchAction\",\"target\":{\"@type\":\"EntryPoint\",\"urlTemplate\":\"https:\/\/rzg.se\/?s={search_term_string}\"},\"query-input\":{\"@type\":\"PropertyValueSpecification\",\"valueRequired\":true,\"valueName\":\"search_term_string\"}}],\"inLanguage\":\"en-GB\"},{\"@type\":\"Organization\",\"@id\":\"https:\/\/rzg.se\/#organization\",\"name\":\"RZ\",\"url\":\"https:\/\/rzg.se\/\",\"logo\":{\"@type\":\"ImageObject\",\"inLanguage\":\"en-GB\",\"@id\":\"https:\/\/rzg.se\/#\/schema\/logo\/image\/\",\"url\":\"https:\/\/rzg.se\/wp-content\/uploads\/RZ_logo.png\",\"contentUrl\":\"https:\/\/rzg.se\/wp-content\/uploads\/RZ_logo.png\",\"width\":201,\"height\":201,\"caption\":\"RZ\"},\"image\":{\"@id\":\"https:\/\/rzg.se\/#\/schema\/logo\/image\/\"}}]}<\/script>\n<!-- \/ Yoast SEO plugin. -->","yoast_head_json":{"title":"RZ HB Mekaniska - RZ","robots":{"index":"index","follow":"follow","max-snippet":"max-snippet:-1","max-image-preview":"max-image-preview:large","max-video-preview":"max-video-preview:-1"},"canonical":"https:\/\/rzg.se\/en\/kontakt\/rz-hb-mekaniska\/","og_locale":"en_GB","og_type":"article","og_title":"RZ HB Mekaniska - RZ","og_description":"Postadress: Magasinsv\u00e4gen 9, 438 36 Landvetter Bes\u00f6ksadress: \u00c5v\u00e4gen 1, 435 44 M\u00f6lnlycke Telefon: 031 &#8211; 98 50 70 E-mail: info@hbmek.se E-mail fakturor: finans@rzgruppen.se Webb: hbmek.se Kontaktpersoner Niklas Bengtsson VD Telefon: 031 &#8211; 98 50 75 Mobil: 0708 &#8211; 54 30 75 E-post: niklas.bengtsson@hbmek.se Claes B\u00f6rjesson Telefon: 031 &#8211; 98 50 81 E-post: claes.borjesson@hbmek.se Mats Hake [&hellip;]","og_url":"https:\/\/rzg.se\/en\/kontakt\/rz-hb-mekaniska\/","og_site_name":"RZ","article_modified_time":"2026-03-05T11:46:16+00:00","og_image":[{"width":978,"height":402,"url":"https:\/\/rzg.se\/wp-content\/uploads\/hb-mekaniska.jpg","type":"image\/jpeg"}],"twitter_card":"summary_large_image","twitter_misc":{"Estimated reading time":"1 minute"},"schema":{"@context":"https:\/\/schema.org","@graph":[{"@type":"WebPage","@id":"https:\/\/rzg.se\/kontakt\/rz-hb-mekaniska\/","url":"https:\/\/rzg.se\/kontakt\/rz-hb-mekaniska\/","name":"RZ HB Mekaniska - RZ","isPartOf":{"@id":"https:\/\/rzg.se\/#website"},"primaryImageOfPage":{"@id":"https:\/\/rzg.se\/kontakt\/rz-hb-mekaniska\/#primaryimage"},"image":{"@id":"https:\/\/rzg.se\/kontakt\/rz-hb-mekaniska\/#primaryimage"},"thumbnailUrl":"https:\/\/rzg.se\/wp-content\/uploads\/hb-mekaniska.jpg","datePublished":"2016-09-15T15:26:36+00:00","dateModified":"2026-03-05T11:46:16+00:00","breadcrumb":{"@id":"https:\/\/rzg.se\/kontakt\/rz-hb-mekaniska\/#breadcrumb"},"inLanguage":"en-GB","potentialAction":[{"@type":"ReadAction","target":["https:\/\/rzg.se\/kontakt\/rz-hb-mekaniska\/"]}]},{"@type":"ImageObject","inLanguage":"en-GB","@id":"https:\/\/rzg.se\/kontakt\/rz-hb-mekaniska\/#primaryimage","url":"https:\/\/rzg.se\/wp-content\/uploads\/hb-mekaniska.jpg","contentUrl":"https:\/\/rzg.se\/wp-content\/uploads\/hb-mekaniska.jpg","width":978,"height":402},{"@type":"BreadcrumbList","@id":"https:\/\/rzg.se\/kontakt\/rz-hb-mekaniska\/#breadcrumb","itemListElement":[{"@type":"ListItem","position":1,"name":"Hem","item":"https:\/\/rzg.se\/"},{"@type":"ListItem","position":2,"name":"Kontakt","item":"https:\/\/rzg.se\/kontakt\/"},{"@type":"ListItem","position":3,"name":"RZ HB Mekaniska"}]},{"@type":"WebSite","@id":"https:\/\/rzg.se\/#website","url":"https:\/\/rzg.se\/","name":"RZ","description":"Mekaniska verkst\u00e4der med exakt precision","publisher":{"@id":"https:\/\/rzg.se\/#organization"},"potentialAction":[{"@type":"SearchAction","target":{"@type":"EntryPoint","urlTemplate":"https:\/\/rzg.se\/?s={search_term_string}"},"query-input":{"@type":"PropertyValueSpecification","valueRequired":true,"valueName":"search_term_string"}}],"inLanguage":"en-GB"},{"@type":"Organization","@id":"https:\/\/rzg.se\/#organization","name":"RZ","url":"https:\/\/rzg.se\/","logo":{"@type":"ImageObject","inLanguage":"en-GB","@id":"https:\/\/rzg.se\/#\/schema\/logo\/image\/","url":"https:\/\/rzg.se\/wp-content\/uploads\/RZ_logo.png","contentUrl":"https:\/\/rzg.se\/wp-content\/uploads\/RZ_logo.png","width":201,"height":201,"caption":"RZ"},"image":{"@id":"https:\/\/rzg.se\/#\/schema\/logo\/image\/"}}]}},"_links":{"self":[{"href":"https:\/\/rzg.se\/en\/wp-json\/wp\/v2\/pages\/2085","targetHints":{"allow":["GET"]}}],"collection":[{"href":"https:\/\/rzg.se\/en\/wp-json\/wp\/v2\/pages"}],"about":[{"href":"https:\/\/rzg.se\/en\/wp-json\/wp\/v2\/types\/page"}],"author":[{"embeddable":true,"href":"https:\/\/rzg.se\/en\/wp-json\/wp\/v2\/users\/40"}],"replies":[{"embeddable":true,"href":"https:\/\/rzg.se\/en\/wp-json\/wp\/v2\/comments?post=2085"}],"version-history":[{"count":15,"href":"https:\/\/rzg.se\/en\/wp-json\/wp\/v2\/pages\/2085\/revisions"}],"predecessor-version":[{"id":5654,"href":"https:\/\/rzg.se\/en\/wp-json\/wp\/v2\/pages\/2085\/revisions\/5654"}],"up":[{"embeddable":true,"href":"https:\/\/rzg.se\/en\/wp-json\/wp\/v2\/pages\/13"}],"wp:featuredmedia":[{"embeddable":true,"href":"https:\/\/rzg.se\/en\/wp-json\/wp\/v2\/media\/2009"}],"wp:attachment":[{"href":"https:\/\/rzg.se\/en\/wp-json\/wp\/v2\/media?parent=2085"}],"curies":[{"name":"wp","href":"https:\/\/api.w.org\/{rel}","templated":true}]}}