{"id":2075,"date":"2016-09-15T16:10:52","date_gmt":"2016-09-15T15:10:52","guid":{"rendered":"http:\/\/www.rzg.se\/?page_id=2075"},"modified":"2025-03-07T11:03:23","modified_gmt":"2025-03-07T10:03:23","slug":"rz-inm-mekaniska","status":"publish","type":"page","link":"https:\/\/rzg.se\/en\/kontakt\/rz-inm-mekaniska\/","title":{"rendered":"RZ INM Mekaniska"},"content":{"rendered":"<p><strong>Mailing address<\/strong> Magasinsv\u00e4gen 9, SE-438 36, Landvetter, Sweden<br \/><strong>Visiting address<\/strong> <a href=\"https:\/\/goo.gl\/maps\/ysU3cCAn4UL2\" target=\"_blank\" rel=\"noopener noreferrer\">Gustaf Werners gata 4, 421 32 V\u00e4stra Fr\u00f6lunda<\/a><br \/><strong>Phone:<\/strong> 031 &#8211; 709 13 80<br \/><strong>E-mail:<\/strong> <a href=\"mailto:info@inmmek.se\">info@inmmek.se<\/a><br \/><strong>E-mail invoices<\/strong> <a href=\"\/en\/finans@rzgruppen.se\/\">finans@rzgruppen.se<\/a><br \/><strong>Returns \/ Claims<\/strong><br \/><strong>E-mail:<\/strong> <a href=\"mailto:claim@inmmek.se\" target=\"_blank\" rel=\"noopener\">claim@inmmek.se<\/a><\/p>\n<h2>Contacts<\/h2>\n<p><strong>Christoffer \u00c5gren<\/strong><br \/><em>CEO<\/em><br \/><strong>Mobile:<\/strong> 0707-26 06 22<br \/><strong>E-mail:<\/strong> <a href=\"mailto:christoffer.agren@inmmek.se\">christoffer.agren@inmmek.se<\/a><\/p>\n<p><strong>Fredrik Berggren<br \/><\/strong><em>Marketing Manager<\/em><strong><br \/>Mobile:<\/strong>076-526 09 67<strong><br \/>E-mail: <\/strong><a href=\"mailto:fredrik.berggren@inmmek.se\">fredrik.berggren@inmmek.se<\/a><\/p>\n<p style=\"font-weight: 400;\"><strong>Matias Sk\u00f6n<br \/><\/strong><em>Production manager<br \/><\/em><strong>Direkt:\u00a0<\/strong>031- 719 13 82<strong><br \/>Mobile:\u00a0<\/strong>076-8005185<strong><br \/>E-mail:\u00a0<\/strong><a href=\"mailto:matias.skon@inmmek.se\">matias.skon@inmmek.se<\/a><\/p>\n<p><strong>Claes Leandersson<\/strong><br \/><i>Marketing \/ Orders \/ Preparation<\/i><br \/><strong>Phone:<\/strong> 031 &#8211; 709 13 93<br \/><strong>Mobile:<\/strong> 0761 &#8211; 42 80 23<br \/><strong>E-mail:<\/strong> <a href=\"mailto:claes.leandersson@inmmek.se\">claes.leandersson@inmmek.se<\/a><\/p>\n<p><strong>Charlotte Weije<br \/><\/strong><em>Quality and Sustainability Manager<\/em><strong><br \/>Mobile: <\/strong>076-526 09 21<strong><br \/>E-mail: <\/strong><a href=\"mailto:charlotte.weije@inmmek.se\">charlotte.weije@inmmek.se<\/a><\/p>\n<p><strong>Malte Malm<\/strong><br \/><em>Technical manager<\/em><br \/><strong>Mobile:<\/strong> 0703 &#8211; 07 69 40<br \/><strong>E-mail:<\/strong> <a href=\"mailto:malte@inmmek.se\">malte@inmmek.se<\/a><\/p>\n<p><strong>Leon Vinberg<\/strong><br \/><em>Purchase<\/em><br \/><strong>Phone:<\/strong> 031 &#8211; 709 13 90<br \/><strong>Mobile:<\/strong> 0706 &#8211; 09 68 76<br \/><strong>E-mail:<\/strong> <a href=\"mailto:leon.vinberg@inmmek.se\">leon.vinberg@inmmek.se<\/a><\/p>\n<p><strong>Erik Engdahl<\/strong><br \/><em>Marketing \/ Orders \/ Preparation<\/em><br \/><strong>Phone:<\/strong> 031-709 13 80<br \/><strong>Mobile:<\/strong> 0707 &#8211; 42 63 43<br \/><strong>E-mail:<\/strong> <a href=\"mailto:erik.engdahl@inmmek.se\">erik.engdahl@inmmek.se<\/a><\/p>\n<p><strong>Mikael Olofsson<\/strong><br \/><em>Production supervisor<\/em><br \/><strong>Phone:<\/strong> 031 &#8211; 709 13 87<br \/><strong>Mobile:<\/strong> 0721 &#8211; 88 15 62<br \/><strong>E-mail:<\/strong> <a href=\"mailto:mikael.olofsson@inmmek.se\">mikael.olofsson@inmmek.se<\/a><\/p>\n<p style=\"font-weight: 400;\"><strong>Daniel Nordenmark<\/strong><br \/>Planner \/ Logistics<br \/><strong>Phone:<\/strong> 0732-39 18 36<br \/><strong>E-mail:<\/strong> <a href=\"mailto:daniel.nordenmark@inmmek.se\">daniel.nordenmark@inmmek.se<\/a><\/p>\n<p><strong>Marie Mattsson<\/strong><br \/><em>CFO<\/em><br \/><strong>Phone:<\/strong> 031 &#8211; 719 60 44<br \/><strong>E-mail:<\/strong> <a href=\"mailto:marie.mattsson@rzgruppen.se\">marie.mattsson@rzgruppen.se<\/a><\/p>\n<p><strong>Finance<\/strong><br \/><strong>Phone:<\/strong> 031-719 60 44\/031-719 60 47<br \/><strong>E-mail:<\/strong> <a href=\"mailto:finans@rzgruppen.se\">finans@rzgruppen.se<\/a><\/p>\n\n\n<p><\/p>","protected":false},"excerpt":{"rendered":"<p>Postadress: Magasinsv\u00e4gen 9, 438 36 LandvetterBes\u00f6ksadress: Gustaf Werners gata 4, 421 32 V\u00e4stra Fr\u00f6lundaTelefon: 031 &#8211; 709 13 80E-mail: info@inmmek.seE-mail fakturor: finans@rzgruppen.seRetur \/ reklamationerE-post: claim@inmmek.se Kontaktpersoner Christoffer \u00c5grenVDMobil: 0707-26 06 22E-post: christoffer.agren@inmmek.se Fredrik BerggrenMarknadschefMobil:076-526 09 67E-post: fredrik.berggren@inmmek.se Matias Sk\u00f6nProduktionschefDirekt:\u00a0031- 719 13 82Mobil:\u00a0076-8005185E-post:\u00a0matias.skon@inmmek.se Claes LeanderssonMarknad \/ Order \/ BeredningTelefon: 031 &#8211; 709 13 93Mobil: 0761 &#8211; [&hellip;]<\/p>\n","protected":false},"author":40,"featured_media":2023,"parent":13,"menu_order":0,"comment_status":"closed","ping_status":"closed","template":"","meta":{"_acf_changed":false,"footnotes":""},"class_list":["post-2075","page","type-page","status-publish","has-post-thumbnail","hentry"],"acf":[],"yoast_head":"<!-- This site is optimized with the Yoast SEO plugin v27.2 - https:\/\/yoast.com\/product\/yoast-seo-wordpress\/ -->\n<title>RZ INM Mekaniska - RZ<\/title>\n<meta name=\"robots\" content=\"index, follow, max-snippet:-1, max-image-preview:large, max-video-preview:-1\" \/>\n<link rel=\"canonical\" href=\"https:\/\/rzg.se\/en\/kontakt\/rz-inm-mekaniska\/\" \/>\n<meta property=\"og:locale\" content=\"en_GB\" \/>\n<meta property=\"og:type\" content=\"article\" \/>\n<meta property=\"og:title\" content=\"RZ INM Mekaniska - RZ\" \/>\n<meta property=\"og:description\" content=\"Postadress: Magasinsv\u00e4gen 9, 438 36 LandvetterBes\u00f6ksadress: Gustaf Werners gata 4, 421 32 V\u00e4stra Fr\u00f6lundaTelefon: 031 &#8211; 709 13 80E-mail: info@inmmek.seE-mail fakturor: finans@rzgruppen.seRetur \/ reklamationerE-post: claim@inmmek.se Kontaktpersoner Christoffer \u00c5grenVDMobil: 0707-26 06 22E-post: christoffer.agren@inmmek.se Fredrik BerggrenMarknadschefMobil:076-526 09 67E-post: fredrik.berggren@inmmek.se Matias Sk\u00f6nProduktionschefDirekt:\u00a0031- 719 13 82Mobil:\u00a0076-8005185E-post:\u00a0matias.skon@inmmek.se Claes LeanderssonMarknad \/ Order \/ BeredningTelefon: 031 &#8211; 709 13 93Mobil: 0761 &#8211; [&hellip;]\" \/>\n<meta property=\"og:url\" content=\"https:\/\/rzg.se\/en\/kontakt\/rz-inm-mekaniska\/\" \/>\n<meta property=\"og:site_name\" content=\"RZ\" \/>\n<meta property=\"article:modified_time\" content=\"2025-03-07T10:03:23+00:00\" \/>\n<meta property=\"og:image\" content=\"https:\/\/rzg.se\/wp-content\/uploads\/inm-dark.jpg\" \/>\n\t<meta property=\"og:image:width\" content=\"978\" \/>\n\t<meta property=\"og:image:height\" content=\"402\" \/>\n\t<meta property=\"og:image:type\" content=\"image\/jpeg\" \/>\n<meta name=\"twitter:card\" content=\"summary_large_image\" \/>\n<meta name=\"twitter:label1\" content=\"Estimated reading time\" \/>\n\t<meta name=\"twitter:data1\" content=\"2 minutes\" \/>\n<script type=\"application\/ld+json\" class=\"yoast-schema-graph\">{\"@context\":\"https:\/\/schema.org\",\"@graph\":[{\"@type\":\"WebPage\",\"@id\":\"https:\/\/rzg.se\/kontakt\/rz-inm-mekaniska\/\",\"url\":\"https:\/\/rzg.se\/kontakt\/rz-inm-mekaniska\/\",\"name\":\"RZ INM Mekaniska - RZ\",\"isPartOf\":{\"@id\":\"https:\/\/rzg.se\/#website\"},\"primaryImageOfPage\":{\"@id\":\"https:\/\/rzg.se\/kontakt\/rz-inm-mekaniska\/#primaryimage\"},\"image\":{\"@id\":\"https:\/\/rzg.se\/kontakt\/rz-inm-mekaniska\/#primaryimage\"},\"thumbnailUrl\":\"https:\/\/rzg.se\/wp-content\/uploads\/inm-dark.jpg\",\"datePublished\":\"2016-09-15T15:10:52+00:00\",\"dateModified\":\"2025-03-07T10:03:23+00:00\",\"breadcrumb\":{\"@id\":\"https:\/\/rzg.se\/kontakt\/rz-inm-mekaniska\/#breadcrumb\"},\"inLanguage\":\"en-GB\",\"potentialAction\":[{\"@type\":\"ReadAction\",\"target\":[\"https:\/\/rzg.se\/kontakt\/rz-inm-mekaniska\/\"]}]},{\"@type\":\"ImageObject\",\"inLanguage\":\"en-GB\",\"@id\":\"https:\/\/rzg.se\/kontakt\/rz-inm-mekaniska\/#primaryimage\",\"url\":\"https:\/\/rzg.se\/wp-content\/uploads\/inm-dark.jpg\",\"contentUrl\":\"https:\/\/rzg.se\/wp-content\/uploads\/inm-dark.jpg\",\"width\":978,\"height\":402,\"caption\":\"INM\"},{\"@type\":\"BreadcrumbList\",\"@id\":\"https:\/\/rzg.se\/kontakt\/rz-inm-mekaniska\/#breadcrumb\",\"itemListElement\":[{\"@type\":\"ListItem\",\"position\":1,\"name\":\"Hem\",\"item\":\"https:\/\/rzg.se\/\"},{\"@type\":\"ListItem\",\"position\":2,\"name\":\"Kontakt\",\"item\":\"https:\/\/rzg.se\/kontakt\/\"},{\"@type\":\"ListItem\",\"position\":3,\"name\":\"RZ INM Mekaniska\"}]},{\"@type\":\"WebSite\",\"@id\":\"https:\/\/rzg.se\/#website\",\"url\":\"https:\/\/rzg.se\/\",\"name\":\"RZ\",\"description\":\"Mekaniska verkst\u00e4der med exakt precision\",\"publisher\":{\"@id\":\"https:\/\/rzg.se\/#organization\"},\"potentialAction\":[{\"@type\":\"SearchAction\",\"target\":{\"@type\":\"EntryPoint\",\"urlTemplate\":\"https:\/\/rzg.se\/?s={search_term_string}\"},\"query-input\":{\"@type\":\"PropertyValueSpecification\",\"valueRequired\":true,\"valueName\":\"search_term_string\"}}],\"inLanguage\":\"en-GB\"},{\"@type\":\"Organization\",\"@id\":\"https:\/\/rzg.se\/#organization\",\"name\":\"RZ\",\"url\":\"https:\/\/rzg.se\/\",\"logo\":{\"@type\":\"ImageObject\",\"inLanguage\":\"en-GB\",\"@id\":\"https:\/\/rzg.se\/#\/schema\/logo\/image\/\",\"url\":\"https:\/\/rzg.se\/wp-content\/uploads\/RZ_logo.png\",\"contentUrl\":\"https:\/\/rzg.se\/wp-content\/uploads\/RZ_logo.png\",\"width\":201,\"height\":201,\"caption\":\"RZ\"},\"image\":{\"@id\":\"https:\/\/rzg.se\/#\/schema\/logo\/image\/\"}}]}<\/script>\n<!-- \/ Yoast SEO plugin. -->","yoast_head_json":{"title":"RZ INM Mekaniska - RZ","robots":{"index":"index","follow":"follow","max-snippet":"max-snippet:-1","max-image-preview":"max-image-preview:large","max-video-preview":"max-video-preview:-1"},"canonical":"https:\/\/rzg.se\/en\/kontakt\/rz-inm-mekaniska\/","og_locale":"en_GB","og_type":"article","og_title":"RZ INM Mekaniska - RZ","og_description":"Postadress: Magasinsv\u00e4gen 9, 438 36 LandvetterBes\u00f6ksadress: Gustaf Werners gata 4, 421 32 V\u00e4stra Fr\u00f6lundaTelefon: 031 &#8211; 709 13 80E-mail: info@inmmek.seE-mail fakturor: finans@rzgruppen.seRetur \/ reklamationerE-post: claim@inmmek.se Kontaktpersoner Christoffer \u00c5grenVDMobil: 0707-26 06 22E-post: christoffer.agren@inmmek.se Fredrik BerggrenMarknadschefMobil:076-526 09 67E-post: fredrik.berggren@inmmek.se Matias Sk\u00f6nProduktionschefDirekt:\u00a0031- 719 13 82Mobil:\u00a0076-8005185E-post:\u00a0matias.skon@inmmek.se Claes LeanderssonMarknad \/ Order \/ BeredningTelefon: 031 &#8211; 709 13 93Mobil: 0761 &#8211; [&hellip;]","og_url":"https:\/\/rzg.se\/en\/kontakt\/rz-inm-mekaniska\/","og_site_name":"RZ","article_modified_time":"2025-03-07T10:03:23+00:00","og_image":[{"width":978,"height":402,"url":"https:\/\/rzg.se\/wp-content\/uploads\/inm-dark.jpg","type":"image\/jpeg"}],"twitter_card":"summary_large_image","twitter_misc":{"Estimated reading time":"2 minutes"},"schema":{"@context":"https:\/\/schema.org","@graph":[{"@type":"WebPage","@id":"https:\/\/rzg.se\/kontakt\/rz-inm-mekaniska\/","url":"https:\/\/rzg.se\/kontakt\/rz-inm-mekaniska\/","name":"RZ INM Mekaniska - RZ","isPartOf":{"@id":"https:\/\/rzg.se\/#website"},"primaryImageOfPage":{"@id":"https:\/\/rzg.se\/kontakt\/rz-inm-mekaniska\/#primaryimage"},"image":{"@id":"https:\/\/rzg.se\/kontakt\/rz-inm-mekaniska\/#primaryimage"},"thumbnailUrl":"https:\/\/rzg.se\/wp-content\/uploads\/inm-dark.jpg","datePublished":"2016-09-15T15:10:52+00:00","dateModified":"2025-03-07T10:03:23+00:00","breadcrumb":{"@id":"https:\/\/rzg.se\/kontakt\/rz-inm-mekaniska\/#breadcrumb"},"inLanguage":"en-GB","potentialAction":[{"@type":"ReadAction","target":["https:\/\/rzg.se\/kontakt\/rz-inm-mekaniska\/"]}]},{"@type":"ImageObject","inLanguage":"en-GB","@id":"https:\/\/rzg.se\/kontakt\/rz-inm-mekaniska\/#primaryimage","url":"https:\/\/rzg.se\/wp-content\/uploads\/inm-dark.jpg","contentUrl":"https:\/\/rzg.se\/wp-content\/uploads\/inm-dark.jpg","width":978,"height":402,"caption":"INM"},{"@type":"BreadcrumbList","@id":"https:\/\/rzg.se\/kontakt\/rz-inm-mekaniska\/#breadcrumb","itemListElement":[{"@type":"ListItem","position":1,"name":"Hem","item":"https:\/\/rzg.se\/"},{"@type":"ListItem","position":2,"name":"Kontakt","item":"https:\/\/rzg.se\/kontakt\/"},{"@type":"ListItem","position":3,"name":"RZ INM Mekaniska"}]},{"@type":"WebSite","@id":"https:\/\/rzg.se\/#website","url":"https:\/\/rzg.se\/","name":"RZ","description":"Mekaniska verkst\u00e4der med exakt precision","publisher":{"@id":"https:\/\/rzg.se\/#organization"},"potentialAction":[{"@type":"SearchAction","target":{"@type":"EntryPoint","urlTemplate":"https:\/\/rzg.se\/?s={search_term_string}"},"query-input":{"@type":"PropertyValueSpecification","valueRequired":true,"valueName":"search_term_string"}}],"inLanguage":"en-GB"},{"@type":"Organization","@id":"https:\/\/rzg.se\/#organization","name":"RZ","url":"https:\/\/rzg.se\/","logo":{"@type":"ImageObject","inLanguage":"en-GB","@id":"https:\/\/rzg.se\/#\/schema\/logo\/image\/","url":"https:\/\/rzg.se\/wp-content\/uploads\/RZ_logo.png","contentUrl":"https:\/\/rzg.se\/wp-content\/uploads\/RZ_logo.png","width":201,"height":201,"caption":"RZ"},"image":{"@id":"https:\/\/rzg.se\/#\/schema\/logo\/image\/"}}]}},"_links":{"self":[{"href":"https:\/\/rzg.se\/en\/wp-json\/wp\/v2\/pages\/2075","targetHints":{"allow":["GET"]}}],"collection":[{"href":"https:\/\/rzg.se\/en\/wp-json\/wp\/v2\/pages"}],"about":[{"href":"https:\/\/rzg.se\/en\/wp-json\/wp\/v2\/types\/page"}],"author":[{"embeddable":true,"href":"https:\/\/rzg.se\/en\/wp-json\/wp\/v2\/users\/40"}],"replies":[{"embeddable":true,"href":"https:\/\/rzg.se\/en\/wp-json\/wp\/v2\/comments?post=2075"}],"version-history":[{"count":42,"href":"https:\/\/rzg.se\/en\/wp-json\/wp\/v2\/pages\/2075\/revisions"}],"predecessor-version":[{"id":5322,"href":"https:\/\/rzg.se\/en\/wp-json\/wp\/v2\/pages\/2075\/revisions\/5322"}],"up":[{"embeddable":true,"href":"https:\/\/rzg.se\/en\/wp-json\/wp\/v2\/pages\/13"}],"wp:featuredmedia":[{"embeddable":true,"href":"https:\/\/rzg.se\/en\/wp-json\/wp\/v2\/media\/2023"}],"wp:attachment":[{"href":"https:\/\/rzg.se\/en\/wp-json\/wp\/v2\/media?parent=2075"}],"curies":[{"name":"wp","href":"https:\/\/api.w.org\/{rel}","templated":true}]}}