{"id":202,"date":"2011-12-21T15:13:47","date_gmt":"2011-12-21T14:13:47","guid":{"rendered":"http:\/\/localhost\/wordpress\/?page_id=202"},"modified":"2026-02-04T12:20:32","modified_gmt":"2026-02-04T11:20:32","slug":"rz-zampart","status":"publish","type":"page","link":"https:\/\/rzg.se\/en\/kontakt\/rz-zampart\/","title":{"rendered":"RZ ZamPart"},"content":{"rendered":"<p><strong>Mailing address\/Visiting address:<\/strong>\u00a0<a title=\"Visa p\u00e5 karta\" href=\"https:\/\/maps.google.se\/maps?q=Zakrisdalsv%C3%A4gen+46,+Karlstad&amp;hl=sv&amp;ie=UTF8&amp;sll=59.37245,13.4425&amp;sspn=0.010855,0.026157&amp;oq=Zakrisdalsv%C3%A4gen+46,+ka&amp;hnear=Zakrisdalsv%C3%A4gen+46,+653+42+Karlstad&amp;t=m&amp;z=16\" target=\"_blank\" rel=\"noopener noreferrer\">Zakrisdalsv\u00e4gen 46, 653 42 Karlstad<\/a><br \/>\n<strong>Phone:<\/strong> 054 &#8211; 56 78 00<br \/>\n<strong>E-mail:<\/strong> <a href=\"mailto:zampart@rzg.se\">zampart@rzg.se<\/a> <em>\u00c4ven spontanans\u00f6kningar skickas hit<\/em><\/p>\n<h2>Contacts<\/h2>\n<p><strong>Filippa Lindberg<\/strong><br \/>\n<em>CEO<\/em><br \/>\n<strong>Phone:<\/strong> 054 \u2013 56 78 31<br \/>\n<strong>Mobile:<\/strong> 0706 \u2013 26 77 96<br \/>\n<strong>E-mail: <\/strong>firstname.lastname@rzg.se<\/p>\n<p><strong>Patrik W\u00e4seby<\/strong><br \/>\n<em>CFO<\/em><br \/>\n<strong>Phone:<\/strong> 054 &#8211; 56 78 30<br \/>\n<strong>Mobile:<\/strong> 070 &#8211; 492 97 59<br \/>\n<strong>E-mail: <\/strong>firstname.lastname@rzg.se<\/p>\n<p><strong>Patrik Rolandsson<\/strong><br \/>\n<em>Marketing Manager, Key Account Manger \u2013 Defence<\/em><br \/>\n<strong>Phone:<\/strong> 054 &#8211; 56 78 07<br \/>\n<strong>Mobile:<\/strong> 0706 &#8211; 64 78 07<br \/>\n<strong>E-mail: <\/strong>firstname.lastname@rzg.se<\/p>\n<p><strong>Anders Hallin<\/strong><br \/>\n<em>Key Account Manager \u2013 Automotive, Technical manager<\/em><br \/>\n<strong>Phone:<\/strong> 054 &#8211; 56 78 13<br \/>\n<strong>Mobile:<\/strong> 0706 &#8211; 50 88 13<br \/>\n<strong>E-mail: <\/strong>firstname.lastname@rzg.se<\/p>\n<p><strong>Anders Helgesson<\/strong><br \/>\n<em>Production manager<\/em><br \/>\n<strong>Phone:<\/strong> 054 &#8211; 56 78 25<br \/>\n<strong>Mobile:<\/strong> 0734 &#8211; 38 68 22<br \/>\n<strong>E-mail:<\/strong>firstname.lastname@rzg.se<\/p>\n<p><strong>Johan Rosendahl<\/strong><br \/>\n<em>Purchasing and Logistics Manager<\/em><br \/>\n<strong>Phone:<\/strong> 054 &#8211; 56 78 20<br \/>\n<strong>Mobile:<\/strong> 0708 &#8211; 56 78 20<br \/>\n<strong>E-mail:<\/strong>firstname.lastname@rzg.se<\/p>\n<p style=\"font-weight: 400;\"><strong>Hanna Lundgren<\/strong><br \/>\n<em>HR- och h\u00e5llbarhetsansvarig<\/em><br \/>\n<strong>Phone:<\/strong> 054- 56 78 56<br \/>\n<strong>Mobile:<\/strong> 073-764 80 67<br \/>\n<strong>E-mail:<\/strong>\u00a0firstname.lastname@rzg.se<\/p>\n<p style=\"font-weight: 400;\"><strong>Marcus M\u00f6rth<\/strong><br \/>\n<em>Quality manager<\/em><br \/>\n<strong>Phone:<\/strong> 054-56 78 49<br \/>\n<strong>Mobile:<\/strong> 076-109 80 14<br \/>\n<strong>E-mail:<\/strong>\u00a0firstname.lastname@rzg.se<\/p>\n<p><strong>Amanda Lindvall<\/strong><br \/>\n<em>Koordinator och Kommunikat\u00f6r<\/em><br \/>\n<strong>Phone:<\/strong> 054 \u2013 56 78 34<br \/>\n<strong>Mobile:<\/strong> 0761 \u2013 09 80 15<br \/>\n<strong>E-mail: <\/strong>firstname.lastname@rzg.se<\/p>","protected":false},"excerpt":{"rendered":"<p>Post\/Bes\u00f6ksadress:\u00a0Zakrisdalsv\u00e4gen 46, 653 42 Karlstad Telefon: 054 &#8211; 56 78 00 E-post: zampart@rzg.se \u00c4ven spontanans\u00f6kningar skickas hit Kontaktpersoner Filippa Lindberg VD Telefon: 054 \u2013 56 78 31 Mobil: 0706 \u2013 26 77 96 E-post: fornamn.efternamn@rzg.se Patrik W\u00e4seby Ekonomichef Telefon: 054 &#8211; 56 78 30 Mobil: 070 &#8211; 492 97 59 E-post: fornamn.efternamn@rzg.se Patrik Rolandsson Marknadschef, [&hellip;]<\/p>\n","protected":false},"author":44,"featured_media":1195,"parent":13,"menu_order":0,"comment_status":"closed","ping_status":"closed","template":"","meta":{"_acf_changed":false,"footnotes":""},"class_list":["post-202","page","type-page","status-publish","has-post-thumbnail","hentry"],"acf":[],"yoast_head":"<!-- This site is optimized with the Yoast SEO plugin v27.5 - https:\/\/yoast.com\/product\/yoast-seo-wordpress\/ -->\n<title>RZ ZamPart - RZ<\/title>\n<meta name=\"robots\" content=\"index, follow, max-snippet:-1, max-image-preview:large, max-video-preview:-1\" \/>\n<link rel=\"canonical\" href=\"https:\/\/rzg.se\/en\/kontakt\/rz-zampart\/\" \/>\n<meta property=\"og:locale\" content=\"en_GB\" \/>\n<meta property=\"og:type\" content=\"article\" \/>\n<meta property=\"og:title\" content=\"RZ ZamPart - RZ\" \/>\n<meta property=\"og:description\" content=\"Post\/Bes\u00f6ksadress:\u00a0Zakrisdalsv\u00e4gen 46, 653 42 Karlstad Telefon: 054 &#8211; 56 78 00 E-post: zampart@rzg.se \u00c4ven spontanans\u00f6kningar skickas hit Kontaktpersoner Filippa Lindberg VD Telefon: 054 \u2013 56 78 31 Mobil: 0706 \u2013 26 77 96 E-post: fornamn.efternamn@rzg.se Patrik W\u00e4seby Ekonomichef Telefon: 054 &#8211; 56 78 30 Mobil: 070 &#8211; 492 97 59 E-post: fornamn.efternamn@rzg.se Patrik Rolandsson Marknadschef, [&hellip;]\" \/>\n<meta property=\"og:url\" content=\"https:\/\/rzg.se\/en\/kontakt\/rz-zampart\/\" \/>\n<meta property=\"og:site_name\" content=\"RZ\" \/>\n<meta property=\"article:modified_time\" content=\"2026-02-04T11:20:32+00:00\" \/>\n<meta property=\"og:image\" content=\"https:\/\/rzg.se\/wp-content\/uploads\/Zampart_978px-402px.jpg\" \/>\n\t<meta property=\"og:image:width\" content=\"978\" \/>\n\t<meta property=\"og:image:height\" content=\"402\" \/>\n\t<meta property=\"og:image:type\" content=\"image\/jpeg\" \/>\n<meta name=\"twitter:card\" content=\"summary_large_image\" \/>\n<meta name=\"twitter:label1\" content=\"Estimated reading time\" \/>\n\t<meta name=\"twitter:data1\" content=\"2 minutes\" \/>\n<script type=\"application\/ld+json\" class=\"yoast-schema-graph\">{\"@context\":\"https:\\\/\\\/schema.org\",\"@graph\":[{\"@type\":\"WebPage\",\"@id\":\"https:\\\/\\\/rzg.se\\\/kontakt\\\/rz-zampart\\\/\",\"url\":\"https:\\\/\\\/rzg.se\\\/kontakt\\\/rz-zampart\\\/\",\"name\":\"RZ ZamPart - RZ\",\"isPartOf\":{\"@id\":\"https:\\\/\\\/rzg.se\\\/#website\"},\"primaryImageOfPage\":{\"@id\":\"https:\\\/\\\/rzg.se\\\/kontakt\\\/rz-zampart\\\/#primaryimage\"},\"image\":{\"@id\":\"https:\\\/\\\/rzg.se\\\/kontakt\\\/rz-zampart\\\/#primaryimage\"},\"thumbnailUrl\":\"https:\\\/\\\/rzg.se\\\/wp-content\\\/uploads\\\/Zampart_978px-402px.jpg\",\"datePublished\":\"2011-12-21T14:13:47+00:00\",\"dateModified\":\"2026-02-04T11:20:32+00:00\",\"breadcrumb\":{\"@id\":\"https:\\\/\\\/rzg.se\\\/kontakt\\\/rz-zampart\\\/#breadcrumb\"},\"inLanguage\":\"en-GB\",\"potentialAction\":[{\"@type\":\"ReadAction\",\"target\":[\"https:\\\/\\\/rzg.se\\\/kontakt\\\/rz-zampart\\\/\"]}]},{\"@type\":\"ImageObject\",\"inLanguage\":\"en-GB\",\"@id\":\"https:\\\/\\\/rzg.se\\\/kontakt\\\/rz-zampart\\\/#primaryimage\",\"url\":\"https:\\\/\\\/rzg.se\\\/wp-content\\\/uploads\\\/Zampart_978px-402px.jpg\",\"contentUrl\":\"https:\\\/\\\/rzg.se\\\/wp-content\\\/uploads\\\/Zampart_978px-402px.jpg\",\"width\":\"978\",\"height\":\"402\",\"caption\":\"Zampart\"},{\"@type\":\"BreadcrumbList\",\"@id\":\"https:\\\/\\\/rzg.se\\\/kontakt\\\/rz-zampart\\\/#breadcrumb\",\"itemListElement\":[{\"@type\":\"ListItem\",\"position\":1,\"name\":\"Hem\",\"item\":\"https:\\\/\\\/rzg.se\\\/\"},{\"@type\":\"ListItem\",\"position\":2,\"name\":\"Kontakt\",\"item\":\"https:\\\/\\\/rzg.se\\\/kontakt\\\/\"},{\"@type\":\"ListItem\",\"position\":3,\"name\":\"RZ ZamPart\"}]},{\"@type\":\"WebSite\",\"@id\":\"https:\\\/\\\/rzg.se\\\/#website\",\"url\":\"https:\\\/\\\/rzg.se\\\/\",\"name\":\"RZ\",\"description\":\"Mekaniska verkst\u00e4der med exakt precision\",\"publisher\":{\"@id\":\"https:\\\/\\\/rzg.se\\\/#organization\"},\"potentialAction\":[{\"@type\":\"SearchAction\",\"target\":{\"@type\":\"EntryPoint\",\"urlTemplate\":\"https:\\\/\\\/rzg.se\\\/?s={search_term_string}\"},\"query-input\":{\"@type\":\"PropertyValueSpecification\",\"valueRequired\":true,\"valueName\":\"search_term_string\"}}],\"inLanguage\":\"en-GB\"},{\"@type\":\"Organization\",\"@id\":\"https:\\\/\\\/rzg.se\\\/#organization\",\"name\":\"RZ\",\"url\":\"https:\\\/\\\/rzg.se\\\/\",\"logo\":{\"@type\":\"ImageObject\",\"inLanguage\":\"en-GB\",\"@id\":\"https:\\\/\\\/rzg.se\\\/#\\\/schema\\\/logo\\\/image\\\/\",\"url\":\"https:\\\/\\\/rzg.se\\\/wp-content\\\/uploads\\\/RZ_logo.png\",\"contentUrl\":\"https:\\\/\\\/rzg.se\\\/wp-content\\\/uploads\\\/RZ_logo.png\",\"width\":201,\"height\":201,\"caption\":\"RZ\"},\"image\":{\"@id\":\"https:\\\/\\\/rzg.se\\\/#\\\/schema\\\/logo\\\/image\\\/\"}}]}<\/script>\n<!-- \/ Yoast SEO plugin. -->","yoast_head_json":{"title":"RZ ZamPart - RZ","robots":{"index":"index","follow":"follow","max-snippet":"max-snippet:-1","max-image-preview":"max-image-preview:large","max-video-preview":"max-video-preview:-1"},"canonical":"https:\/\/rzg.se\/en\/kontakt\/rz-zampart\/","og_locale":"en_GB","og_type":"article","og_title":"RZ ZamPart - RZ","og_description":"Post\/Bes\u00f6ksadress:\u00a0Zakrisdalsv\u00e4gen 46, 653 42 Karlstad Telefon: 054 &#8211; 56 78 00 E-post: zampart@rzg.se \u00c4ven spontanans\u00f6kningar skickas hit Kontaktpersoner Filippa Lindberg VD Telefon: 054 \u2013 56 78 31 Mobil: 0706 \u2013 26 77 96 E-post: fornamn.efternamn@rzg.se Patrik W\u00e4seby Ekonomichef Telefon: 054 &#8211; 56 78 30 Mobil: 070 &#8211; 492 97 59 E-post: fornamn.efternamn@rzg.se Patrik Rolandsson Marknadschef, [&hellip;]","og_url":"https:\/\/rzg.se\/en\/kontakt\/rz-zampart\/","og_site_name":"RZ","article_modified_time":"2026-02-04T11:20:32+00:00","og_image":[{"width":978,"height":402,"url":"https:\/\/rzg.se\/wp-content\/uploads\/Zampart_978px-402px.jpg","type":"image\/jpeg"}],"twitter_card":"summary_large_image","twitter_misc":{"Estimated reading time":"2 minutes"},"schema":{"@context":"https:\/\/schema.org","@graph":[{"@type":"WebPage","@id":"https:\/\/rzg.se\/kontakt\/rz-zampart\/","url":"https:\/\/rzg.se\/kontakt\/rz-zampart\/","name":"RZ ZamPart - RZ","isPartOf":{"@id":"https:\/\/rzg.se\/#website"},"primaryImageOfPage":{"@id":"https:\/\/rzg.se\/kontakt\/rz-zampart\/#primaryimage"},"image":{"@id":"https:\/\/rzg.se\/kontakt\/rz-zampart\/#primaryimage"},"thumbnailUrl":"https:\/\/rzg.se\/wp-content\/uploads\/Zampart_978px-402px.jpg","datePublished":"2011-12-21T14:13:47+00:00","dateModified":"2026-02-04T11:20:32+00:00","breadcrumb":{"@id":"https:\/\/rzg.se\/kontakt\/rz-zampart\/#breadcrumb"},"inLanguage":"en-GB","potentialAction":[{"@type":"ReadAction","target":["https:\/\/rzg.se\/kontakt\/rz-zampart\/"]}]},{"@type":"ImageObject","inLanguage":"en-GB","@id":"https:\/\/rzg.se\/kontakt\/rz-zampart\/#primaryimage","url":"https:\/\/rzg.se\/wp-content\/uploads\/Zampart_978px-402px.jpg","contentUrl":"https:\/\/rzg.se\/wp-content\/uploads\/Zampart_978px-402px.jpg","width":"978","height":"402","caption":"Zampart"},{"@type":"BreadcrumbList","@id":"https:\/\/rzg.se\/kontakt\/rz-zampart\/#breadcrumb","itemListElement":[{"@type":"ListItem","position":1,"name":"Hem","item":"https:\/\/rzg.se\/"},{"@type":"ListItem","position":2,"name":"Kontakt","item":"https:\/\/rzg.se\/kontakt\/"},{"@type":"ListItem","position":3,"name":"RZ ZamPart"}]},{"@type":"WebSite","@id":"https:\/\/rzg.se\/#website","url":"https:\/\/rzg.se\/","name":"RZ","description":"Mekaniska verkst\u00e4der med exakt precision","publisher":{"@id":"https:\/\/rzg.se\/#organization"},"potentialAction":[{"@type":"SearchAction","target":{"@type":"EntryPoint","urlTemplate":"https:\/\/rzg.se\/?s={search_term_string}"},"query-input":{"@type":"PropertyValueSpecification","valueRequired":true,"valueName":"search_term_string"}}],"inLanguage":"en-GB"},{"@type":"Organization","@id":"https:\/\/rzg.se\/#organization","name":"RZ","url":"https:\/\/rzg.se\/","logo":{"@type":"ImageObject","inLanguage":"en-GB","@id":"https:\/\/rzg.se\/#\/schema\/logo\/image\/","url":"https:\/\/rzg.se\/wp-content\/uploads\/RZ_logo.png","contentUrl":"https:\/\/rzg.se\/wp-content\/uploads\/RZ_logo.png","width":201,"height":201,"caption":"RZ"},"image":{"@id":"https:\/\/rzg.se\/#\/schema\/logo\/image\/"}}]}},"_links":{"self":[{"href":"https:\/\/rzg.se\/en\/wp-json\/wp\/v2\/pages\/202","targetHints":{"allow":["GET"]}}],"collection":[{"href":"https:\/\/rzg.se\/en\/wp-json\/wp\/v2\/pages"}],"about":[{"href":"https:\/\/rzg.se\/en\/wp-json\/wp\/v2\/types\/page"}],"author":[{"embeddable":true,"href":"https:\/\/rzg.se\/en\/wp-json\/wp\/v2\/users\/44"}],"replies":[{"embeddable":true,"href":"https:\/\/rzg.se\/en\/wp-json\/wp\/v2\/comments?post=202"}],"version-history":[{"count":40,"href":"https:\/\/rzg.se\/en\/wp-json\/wp\/v2\/pages\/202\/revisions"}],"predecessor-version":[{"id":5633,"href":"https:\/\/rzg.se\/en\/wp-json\/wp\/v2\/pages\/202\/revisions\/5633"}],"up":[{"embeddable":true,"href":"https:\/\/rzg.se\/en\/wp-json\/wp\/v2\/pages\/13"}],"wp:featuredmedia":[{"embeddable":true,"href":"https:\/\/rzg.se\/en\/wp-json\/wp\/v2\/media\/1195"}],"wp:attachment":[{"href":"https:\/\/rzg.se\/en\/wp-json\/wp\/v2\/media?parent=202"}],"curies":[{"name":"wp","href":"https:\/\/api.w.org\/{rel}","templated":true}]}}