{"id":200,"date":"2011-12-21T15:13:14","date_gmt":"2011-12-21T14:13:14","guid":{"rendered":"http:\/\/localhost\/wordpress\/?page_id=200"},"modified":"2024-09-15T21:02:46","modified_gmt":"2024-09-15T20:02:46","slug":"rz-finmekanik","status":"publish","type":"page","link":"https:\/\/rzg.se\/en\/kontakt\/rz-finmekanik\/","title":{"rendered":"RZ Finmekanik"},"content":{"rendered":"<p><strong>Mailing address<\/strong> Magasinsv\u00e4gen 9, SE-438 36, Landvetter, Sweden<br \/>\n<strong>Visiting address<\/strong> Fl\u00f6jelbergsgatan 7 B, 431 37 M\u00f6lndal<br \/>\n<strong>Phone:<\/strong> 031-719 60 31<br \/>\n<strong>E-mail:<\/strong> <a href=\"mailto:order@rzfinmekanik.se\">order@rzfinmekanik.se<\/a><br \/>\n<strong>E-mail invoices: <\/strong><a href=\"mailto:finans@rzgruppen.se\">finans@rzgruppen.se<\/a><\/p>\n<h2>Contacts<\/h2>\n<p><strong>Roy Olsson<\/strong><br \/>\n<em>CEO<\/em><br \/>\n<strong>Phone:<\/strong> 031 &#8211; 719 60 31<br \/>\n<strong>E-mail:<\/strong> <a href=\"mailto:roy.olsson@rzfinmekanik.se\">roy.olsson@rzfinmekanik.se<\/a><\/p>\n<p><strong>Cia Alsb\u00e4ck<\/strong><br \/>\n<em>Order\/leverans<\/em><br \/>\n<strong>Phone:<\/strong> 031 &#8211; 719 60 32<br \/>\n<strong>E-mail:<\/strong> <a href=\"mailto:cia.alsback@rzfinmekanik.se\">cia.alsback@rzfinmekanik.se<\/a><\/p>\n<p><strong>Marie Mattsson<\/strong><br \/>\n<em>CFO<\/em><br \/>\n<strong>Phone:<\/strong> 031 &#8211; 719 60 44<br \/>\n<strong>E-mail:<\/strong> <a href=\"mailto:marie.mattsson@rzgruppen.se\">marie.mattsson@rzgruppen.se<\/a><\/p>\n<p><strong>Finance<\/strong><br \/>\n<strong>Phone:<\/strong> 031-719 60 44\/031-719 60 47<br \/>\n<strong>E-mail:<\/strong> <a href=\"mailto:finans@rzgruppen.se\">finans@rzgruppen.se<\/a><\/p>","protected":false},"excerpt":{"rendered":"<p>Postadress: Magasinsv\u00e4gen 9, 438 36 Landvetter Bes\u00f6ksadress: Fl\u00f6jelbergsgatan 7 B, 431 37 M\u00f6lndal Telefon: 031-719 60 31 E-post: order@rzfinmekanik.se E-post fakturor: finans@rzgruppen.se Kontaktpersoner Roy Olsson VD Telefon: 031 &#8211; 719 60 31 E-post: roy.olsson@rzfinmekanik.se Cia Alsb\u00e4ck Order\/leverans Telefon: 031 &#8211; 719 60 32 E-post: cia.alsback@rzfinmekanik.se Marie Mattsson Ekonomichef Telefon: 031 &#8211; 719 60 44 E-post: [&hellip;]<\/p>\n","protected":false},"author":44,"featured_media":740,"parent":13,"menu_order":0,"comment_status":"closed","ping_status":"open","template":"","meta":{"_acf_changed":false,"footnotes":""},"class_list":["post-200","page","type-page","status-publish","has-post-thumbnail","hentry"],"acf":[],"yoast_head":"<!-- This site is optimized with the Yoast SEO plugin v27.5 - https:\/\/yoast.com\/product\/yoast-seo-wordpress\/ -->\n<title>RZ Finmekanik - RZ<\/title>\n<meta name=\"robots\" content=\"index, follow, max-snippet:-1, max-image-preview:large, max-video-preview:-1\" \/>\n<link rel=\"canonical\" href=\"https:\/\/rzg.se\/en\/kontakt\/rz-finmekanik\/\" \/>\n<meta property=\"og:locale\" content=\"en_GB\" \/>\n<meta property=\"og:type\" content=\"article\" \/>\n<meta property=\"og:title\" content=\"RZ Finmekanik - RZ\" \/>\n<meta property=\"og:description\" content=\"Postadress: Magasinsv\u00e4gen 9, 438 36 Landvetter Bes\u00f6ksadress: Fl\u00f6jelbergsgatan 7 B, 431 37 M\u00f6lndal Telefon: 031-719 60 31 E-post: order@rzfinmekanik.se E-post fakturor: finans@rzgruppen.se Kontaktpersoner Roy Olsson VD Telefon: 031 &#8211; 719 60 31 E-post: roy.olsson@rzfinmekanik.se Cia Alsb\u00e4ck Order\/leverans Telefon: 031 &#8211; 719 60 32 E-post: cia.alsback@rzfinmekanik.se Marie Mattsson Ekonomichef Telefon: 031 &#8211; 719 60 44 E-post: [&hellip;]\" \/>\n<meta property=\"og:url\" content=\"https:\/\/rzg.se\/en\/kontakt\/rz-finmekanik\/\" \/>\n<meta property=\"og:site_name\" content=\"RZ\" \/>\n<meta property=\"article:modified_time\" content=\"2024-09-15T20:02:46+00:00\" \/>\n<meta property=\"og:image\" content=\"https:\/\/rzg.se\/wp-content\/uploads\/gnistning-01.jpg\" \/>\n\t<meta property=\"og:image:width\" content=\"978\" \/>\n\t<meta property=\"og:image:height\" content=\"402\" \/>\n\t<meta property=\"og:image:type\" content=\"image\/jpeg\" \/>\n<meta name=\"twitter:card\" content=\"summary_large_image\" \/>\n<meta name=\"twitter:label1\" content=\"Estimated reading time\" \/>\n\t<meta name=\"twitter:data1\" content=\"1 minute\" \/>\n<script type=\"application\/ld+json\" class=\"yoast-schema-graph\">{\"@context\":\"https:\\\/\\\/schema.org\",\"@graph\":[{\"@type\":\"WebPage\",\"@id\":\"https:\\\/\\\/rzg.se\\\/kontakt\\\/rz-finmekanik\\\/\",\"url\":\"https:\\\/\\\/rzg.se\\\/kontakt\\\/rz-finmekanik\\\/\",\"name\":\"RZ Finmekanik - RZ\",\"isPartOf\":{\"@id\":\"https:\\\/\\\/rzg.se\\\/#website\"},\"primaryImageOfPage\":{\"@id\":\"https:\\\/\\\/rzg.se\\\/kontakt\\\/rz-finmekanik\\\/#primaryimage\"},\"image\":{\"@id\":\"https:\\\/\\\/rzg.se\\\/kontakt\\\/rz-finmekanik\\\/#primaryimage\"},\"thumbnailUrl\":\"https:\\\/\\\/rzg.se\\\/wp-content\\\/uploads\\\/gnistning-01.jpg\",\"datePublished\":\"2011-12-21T14:13:14+00:00\",\"dateModified\":\"2024-09-15T20:02:46+00:00\",\"breadcrumb\":{\"@id\":\"https:\\\/\\\/rzg.se\\\/kontakt\\\/rz-finmekanik\\\/#breadcrumb\"},\"inLanguage\":\"en-GB\",\"potentialAction\":[{\"@type\":\"ReadAction\",\"target\":[\"https:\\\/\\\/rzg.se\\\/kontakt\\\/rz-finmekanik\\\/\"]}]},{\"@type\":\"ImageObject\",\"inLanguage\":\"en-GB\",\"@id\":\"https:\\\/\\\/rzg.se\\\/kontakt\\\/rz-finmekanik\\\/#primaryimage\",\"url\":\"https:\\\/\\\/rzg.se\\\/wp-content\\\/uploads\\\/gnistning-01.jpg\",\"contentUrl\":\"https:\\\/\\\/rzg.se\\\/wp-content\\\/uploads\\\/gnistning-01.jpg\",\"width\":\"978\",\"height\":\"402\"},{\"@type\":\"BreadcrumbList\",\"@id\":\"https:\\\/\\\/rzg.se\\\/kontakt\\\/rz-finmekanik\\\/#breadcrumb\",\"itemListElement\":[{\"@type\":\"ListItem\",\"position\":1,\"name\":\"Hem\",\"item\":\"https:\\\/\\\/rzg.se\\\/\"},{\"@type\":\"ListItem\",\"position\":2,\"name\":\"Kontakt\",\"item\":\"https:\\\/\\\/rzg.se\\\/kontakt\\\/\"},{\"@type\":\"ListItem\",\"position\":3,\"name\":\"RZ Finmekanik\"}]},{\"@type\":\"WebSite\",\"@id\":\"https:\\\/\\\/rzg.se\\\/#website\",\"url\":\"https:\\\/\\\/rzg.se\\\/\",\"name\":\"RZ\",\"description\":\"Mekaniska verkst\u00e4der med exakt precision\",\"publisher\":{\"@id\":\"https:\\\/\\\/rzg.se\\\/#organization\"},\"potentialAction\":[{\"@type\":\"SearchAction\",\"target\":{\"@type\":\"EntryPoint\",\"urlTemplate\":\"https:\\\/\\\/rzg.se\\\/?s={search_term_string}\"},\"query-input\":{\"@type\":\"PropertyValueSpecification\",\"valueRequired\":true,\"valueName\":\"search_term_string\"}}],\"inLanguage\":\"en-GB\"},{\"@type\":\"Organization\",\"@id\":\"https:\\\/\\\/rzg.se\\\/#organization\",\"name\":\"RZ\",\"url\":\"https:\\\/\\\/rzg.se\\\/\",\"logo\":{\"@type\":\"ImageObject\",\"inLanguage\":\"en-GB\",\"@id\":\"https:\\\/\\\/rzg.se\\\/#\\\/schema\\\/logo\\\/image\\\/\",\"url\":\"https:\\\/\\\/rzg.se\\\/wp-content\\\/uploads\\\/RZ_logo.png\",\"contentUrl\":\"https:\\\/\\\/rzg.se\\\/wp-content\\\/uploads\\\/RZ_logo.png\",\"width\":201,\"height\":201,\"caption\":\"RZ\"},\"image\":{\"@id\":\"https:\\\/\\\/rzg.se\\\/#\\\/schema\\\/logo\\\/image\\\/\"}}]}<\/script>\n<!-- \/ Yoast SEO plugin. -->","yoast_head_json":{"title":"RZ Finmekanik - RZ","robots":{"index":"index","follow":"follow","max-snippet":"max-snippet:-1","max-image-preview":"max-image-preview:large","max-video-preview":"max-video-preview:-1"},"canonical":"https:\/\/rzg.se\/en\/kontakt\/rz-finmekanik\/","og_locale":"en_GB","og_type":"article","og_title":"RZ Finmekanik - RZ","og_description":"Postadress: Magasinsv\u00e4gen 9, 438 36 Landvetter Bes\u00f6ksadress: Fl\u00f6jelbergsgatan 7 B, 431 37 M\u00f6lndal Telefon: 031-719 60 31 E-post: order@rzfinmekanik.se E-post fakturor: finans@rzgruppen.se Kontaktpersoner Roy Olsson VD Telefon: 031 &#8211; 719 60 31 E-post: roy.olsson@rzfinmekanik.se Cia Alsb\u00e4ck Order\/leverans Telefon: 031 &#8211; 719 60 32 E-post: cia.alsback@rzfinmekanik.se Marie Mattsson Ekonomichef Telefon: 031 &#8211; 719 60 44 E-post: [&hellip;]","og_url":"https:\/\/rzg.se\/en\/kontakt\/rz-finmekanik\/","og_site_name":"RZ","article_modified_time":"2024-09-15T20:02:46+00:00","og_image":[{"width":978,"height":402,"url":"https:\/\/rzg.se\/wp-content\/uploads\/gnistning-01.jpg","type":"image\/jpeg"}],"twitter_card":"summary_large_image","twitter_misc":{"Estimated reading time":"1 minute"},"schema":{"@context":"https:\/\/schema.org","@graph":[{"@type":"WebPage","@id":"https:\/\/rzg.se\/kontakt\/rz-finmekanik\/","url":"https:\/\/rzg.se\/kontakt\/rz-finmekanik\/","name":"RZ Finmekanik - RZ","isPartOf":{"@id":"https:\/\/rzg.se\/#website"},"primaryImageOfPage":{"@id":"https:\/\/rzg.se\/kontakt\/rz-finmekanik\/#primaryimage"},"image":{"@id":"https:\/\/rzg.se\/kontakt\/rz-finmekanik\/#primaryimage"},"thumbnailUrl":"https:\/\/rzg.se\/wp-content\/uploads\/gnistning-01.jpg","datePublished":"2011-12-21T14:13:14+00:00","dateModified":"2024-09-15T20:02:46+00:00","breadcrumb":{"@id":"https:\/\/rzg.se\/kontakt\/rz-finmekanik\/#breadcrumb"},"inLanguage":"en-GB","potentialAction":[{"@type":"ReadAction","target":["https:\/\/rzg.se\/kontakt\/rz-finmekanik\/"]}]},{"@type":"ImageObject","inLanguage":"en-GB","@id":"https:\/\/rzg.se\/kontakt\/rz-finmekanik\/#primaryimage","url":"https:\/\/rzg.se\/wp-content\/uploads\/gnistning-01.jpg","contentUrl":"https:\/\/rzg.se\/wp-content\/uploads\/gnistning-01.jpg","width":"978","height":"402"},{"@type":"BreadcrumbList","@id":"https:\/\/rzg.se\/kontakt\/rz-finmekanik\/#breadcrumb","itemListElement":[{"@type":"ListItem","position":1,"name":"Hem","item":"https:\/\/rzg.se\/"},{"@type":"ListItem","position":2,"name":"Kontakt","item":"https:\/\/rzg.se\/kontakt\/"},{"@type":"ListItem","position":3,"name":"RZ Finmekanik"}]},{"@type":"WebSite","@id":"https:\/\/rzg.se\/#website","url":"https:\/\/rzg.se\/","name":"RZ","description":"Mekaniska verkst\u00e4der med exakt precision","publisher":{"@id":"https:\/\/rzg.se\/#organization"},"potentialAction":[{"@type":"SearchAction","target":{"@type":"EntryPoint","urlTemplate":"https:\/\/rzg.se\/?s={search_term_string}"},"query-input":{"@type":"PropertyValueSpecification","valueRequired":true,"valueName":"search_term_string"}}],"inLanguage":"en-GB"},{"@type":"Organization","@id":"https:\/\/rzg.se\/#organization","name":"RZ","url":"https:\/\/rzg.se\/","logo":{"@type":"ImageObject","inLanguage":"en-GB","@id":"https:\/\/rzg.se\/#\/schema\/logo\/image\/","url":"https:\/\/rzg.se\/wp-content\/uploads\/RZ_logo.png","contentUrl":"https:\/\/rzg.se\/wp-content\/uploads\/RZ_logo.png","width":201,"height":201,"caption":"RZ"},"image":{"@id":"https:\/\/rzg.se\/#\/schema\/logo\/image\/"}}]}},"_links":{"self":[{"href":"https:\/\/rzg.se\/en\/wp-json\/wp\/v2\/pages\/200","targetHints":{"allow":["GET"]}}],"collection":[{"href":"https:\/\/rzg.se\/en\/wp-json\/wp\/v2\/pages"}],"about":[{"href":"https:\/\/rzg.se\/en\/wp-json\/wp\/v2\/types\/page"}],"author":[{"embeddable":true,"href":"https:\/\/rzg.se\/en\/wp-json\/wp\/v2\/users\/44"}],"replies":[{"embeddable":true,"href":"https:\/\/rzg.se\/en\/wp-json\/wp\/v2\/comments?post=200"}],"version-history":[{"count":26,"href":"https:\/\/rzg.se\/en\/wp-json\/wp\/v2\/pages\/200\/revisions"}],"predecessor-version":[{"id":4588,"href":"https:\/\/rzg.se\/en\/wp-json\/wp\/v2\/pages\/200\/revisions\/4588"}],"up":[{"embeddable":true,"href":"https:\/\/rzg.se\/en\/wp-json\/wp\/v2\/pages\/13"}],"wp:featuredmedia":[{"embeddable":true,"href":"https:\/\/rzg.se\/en\/wp-json\/wp\/v2\/media\/740"}],"wp:attachment":[{"href":"https:\/\/rzg.se\/en\/wp-json\/wp\/v2\/media?parent=200"}],"curies":[{"name":"wp","href":"https:\/\/api.w.org\/{rel}","templated":true}]}}