{"id":197,"date":"2011-12-21T15:12:09","date_gmt":"2011-12-21T14:12:09","guid":{"rendered":"http:\/\/localhost\/wordpress\/?page_id=197"},"modified":"2024-09-02T15:09:49","modified_gmt":"2024-09-02T14:09:49","slug":"rz-ferromekano","status":"publish","type":"page","link":"https:\/\/rzg.se\/en\/kontakt\/rz-ferromekano\/","title":{"rendered":"RZ Ferromekano"},"content":{"rendered":"<p><strong>Mailing address<\/strong> Magasinsv\u00e4gen 9, SE-438 36, Landvetter, Sweden<br \/>\n<strong>Visiting address<\/strong> <a title=\"Visa p\u00e5 karta\" href=\"https:\/\/goo.gl\/maps\/tyf0U\" target=\"_blank\" rel=\"noopener noreferrer\">Kryptongatan 8, 431 53 M\u00f6lndal<\/a><br \/>\n<strong>Phone:<\/strong> 031 &#8211; 719 60 52<br \/>\n<strong>Fax:<\/strong> 031 &#8211; 27 00 19<br \/>\n<strong>E-mail:<\/strong> <a href=\"mailto:info@rzferromekano.se\">info@rzferromekano.se<\/a><br \/>\n<strong>E-mail invoices:<\/strong> <a href=\"mailto:finans@rzgruppen.se\">finans@rzgruppen.se<\/a><\/p>\n<p>&nbsp;<\/p>\n<h2>Contacts<\/h2>\n<p><strong>Dennis Insulan<\/strong><br \/>\n<em>CEO<\/em><br \/>\n<strong>Phone:<\/strong> 031 &#8211; 719 60 52<br \/>\n<strong>E-mail:<\/strong> <a href=\"mailto:dennis.insulan@rzferromekano.se\">dennis.insulan@rzferromekano.se<\/a><\/p>\n<p><strong>Henrik Stenstr\u00f6m<\/strong><br \/>\n<em>Production manager<\/em><br \/>\n<strong>Phone:<\/strong> 031 &#8211; 719 60 51<br \/>\n<strong>E-mail:<\/strong> <a href=\"mailto:henrik.stenstrom@rzferromekano.se\">henrik.stenstrom@rzferromekano.se<\/a><\/p>\n<p><strong>Marie Mattsson<\/strong><br \/>\n<em>CFO<\/em><br \/>\n<strong>Phone:<\/strong> 031 &#8211; 719 60 44<br \/>\n<strong>E-mail:<\/strong> <a href=\"mailto:marie.mattsson@rzgruppen.se\">marie.mattsson@rzgruppen.se<\/a><\/p>\n<p><strong>Finance<\/strong><br \/>\n<strong>Phone:<\/strong> 031-719 60 44\/031-719 60 47<br \/>\n<strong>E-mail:<\/strong> <a href=\"mailto:finans@rzgruppen.se\">finans@rzgruppen.se<\/a><\/p>","protected":false},"excerpt":{"rendered":"<p>Postadress: Magasinsv\u00e4gen 9, 438 36 Landvetter Bes\u00f6ksadress: Kryptongatan 8, 431 53 M\u00f6lndal Telefon: 031 &#8211; 719 60 52 Fax: 031 &#8211; 27 00 19 E-post: info@rzferromekano.se E-post fakturor: finans@rzgruppen.se &nbsp; Kontaktpersoner Dennis Insulan VD Telefon: 031 &#8211; 719 60 52 E-post: dennis.insulan@rzferromekano.se Henrik Stenstr\u00f6m Produktionschef Telefon: 031 &#8211; 719 60 51 E-post: henrik.stenstrom@rzferromekano.se Marie Mattsson [&hellip;]<\/p>\n","protected":false},"author":44,"featured_media":1178,"parent":13,"menu_order":0,"comment_status":"closed","ping_status":"closed","template":"","meta":{"_acf_changed":false,"footnotes":""},"class_list":["post-197","page","type-page","status-publish","has-post-thumbnail","hentry"],"acf":[],"yoast_head":"<!-- This site is optimized with the Yoast SEO plugin v27.2 - https:\/\/yoast.com\/product\/yoast-seo-wordpress\/ -->\n<title>RZ Ferromekano - RZ<\/title>\n<meta name=\"robots\" content=\"index, follow, max-snippet:-1, max-image-preview:large, max-video-preview:-1\" \/>\n<link rel=\"canonical\" href=\"https:\/\/rzg.se\/en\/kontakt\/rz-ferromekano\/\" \/>\n<meta property=\"og:locale\" content=\"en_GB\" \/>\n<meta property=\"og:type\" content=\"article\" \/>\n<meta property=\"og:title\" content=\"RZ Ferromekano - RZ\" \/>\n<meta property=\"og:description\" content=\"Postadress: Magasinsv\u00e4gen 9, 438 36 Landvetter Bes\u00f6ksadress: Kryptongatan 8, 431 53 M\u00f6lndal Telefon: 031 &#8211; 719 60 52 Fax: 031 &#8211; 27 00 19 E-post: info@rzferromekano.se E-post fakturor: finans@rzgruppen.se &nbsp; Kontaktpersoner Dennis Insulan VD Telefon: 031 &#8211; 719 60 52 E-post: dennis.insulan@rzferromekano.se Henrik Stenstr\u00f6m Produktionschef Telefon: 031 &#8211; 719 60 51 E-post: henrik.stenstrom@rzferromekano.se Marie Mattsson [&hellip;]\" \/>\n<meta property=\"og:url\" content=\"https:\/\/rzg.se\/en\/kontakt\/rz-ferromekano\/\" \/>\n<meta property=\"og:site_name\" content=\"RZ\" \/>\n<meta property=\"article:modified_time\" content=\"2024-09-02T14:09:49+00:00\" \/>\n<meta property=\"og:image\" content=\"https:\/\/rzg.se\/wp-content\/uploads\/Ferromekanik_632-x-260-px.jpg\" \/>\n\t<meta property=\"og:image:width\" content=\"632\" \/>\n\t<meta property=\"og:image:height\" content=\"260\" \/>\n\t<meta property=\"og:image:type\" content=\"image\/jpeg\" \/>\n<meta name=\"twitter:card\" content=\"summary_large_image\" \/>\n<script type=\"application\/ld+json\" class=\"yoast-schema-graph\">{\"@context\":\"https:\/\/schema.org\",\"@graph\":[{\"@type\":\"WebPage\",\"@id\":\"https:\/\/rzg.se\/kontakt\/rz-ferromekano\/\",\"url\":\"https:\/\/rzg.se\/kontakt\/rz-ferromekano\/\",\"name\":\"RZ Ferromekano - RZ\",\"isPartOf\":{\"@id\":\"https:\/\/rzg.se\/#website\"},\"primaryImageOfPage\":{\"@id\":\"https:\/\/rzg.se\/kontakt\/rz-ferromekano\/#primaryimage\"},\"image\":{\"@id\":\"https:\/\/rzg.se\/kontakt\/rz-ferromekano\/#primaryimage\"},\"thumbnailUrl\":\"https:\/\/rzg.se\/wp-content\/uploads\/Ferromekanik_632-x-260-px.jpg\",\"datePublished\":\"2011-12-21T14:12:09+00:00\",\"dateModified\":\"2024-09-02T14:09:49+00:00\",\"breadcrumb\":{\"@id\":\"https:\/\/rzg.se\/kontakt\/rz-ferromekano\/#breadcrumb\"},\"inLanguage\":\"en-GB\",\"potentialAction\":[{\"@type\":\"ReadAction\",\"target\":[\"https:\/\/rzg.se\/kontakt\/rz-ferromekano\/\"]}]},{\"@type\":\"ImageObject\",\"inLanguage\":\"en-GB\",\"@id\":\"https:\/\/rzg.se\/kontakt\/rz-ferromekano\/#primaryimage\",\"url\":\"https:\/\/rzg.se\/wp-content\/uploads\/Ferromekanik_632-x-260-px.jpg\",\"contentUrl\":\"https:\/\/rzg.se\/wp-content\/uploads\/Ferromekanik_632-x-260-px.jpg\",\"width\":\"632\",\"height\":\"260\"},{\"@type\":\"BreadcrumbList\",\"@id\":\"https:\/\/rzg.se\/kontakt\/rz-ferromekano\/#breadcrumb\",\"itemListElement\":[{\"@type\":\"ListItem\",\"position\":1,\"name\":\"Hem\",\"item\":\"https:\/\/rzg.se\/\"},{\"@type\":\"ListItem\",\"position\":2,\"name\":\"Kontakt\",\"item\":\"https:\/\/rzg.se\/kontakt\/\"},{\"@type\":\"ListItem\",\"position\":3,\"name\":\"RZ Ferromekano\"}]},{\"@type\":\"WebSite\",\"@id\":\"https:\/\/rzg.se\/#website\",\"url\":\"https:\/\/rzg.se\/\",\"name\":\"RZ\",\"description\":\"Mekaniska verkst\u00e4der med exakt precision\",\"publisher\":{\"@id\":\"https:\/\/rzg.se\/#organization\"},\"potentialAction\":[{\"@type\":\"SearchAction\",\"target\":{\"@type\":\"EntryPoint\",\"urlTemplate\":\"https:\/\/rzg.se\/?s={search_term_string}\"},\"query-input\":{\"@type\":\"PropertyValueSpecification\",\"valueRequired\":true,\"valueName\":\"search_term_string\"}}],\"inLanguage\":\"en-GB\"},{\"@type\":\"Organization\",\"@id\":\"https:\/\/rzg.se\/#organization\",\"name\":\"RZ\",\"url\":\"https:\/\/rzg.se\/\",\"logo\":{\"@type\":\"ImageObject\",\"inLanguage\":\"en-GB\",\"@id\":\"https:\/\/rzg.se\/#\/schema\/logo\/image\/\",\"url\":\"https:\/\/rzg.se\/wp-content\/uploads\/RZ_logo.png\",\"contentUrl\":\"https:\/\/rzg.se\/wp-content\/uploads\/RZ_logo.png\",\"width\":201,\"height\":201,\"caption\":\"RZ\"},\"image\":{\"@id\":\"https:\/\/rzg.se\/#\/schema\/logo\/image\/\"}}]}<\/script>\n<!-- \/ Yoast SEO plugin. -->","yoast_head_json":{"title":"RZ Ferromekano - RZ","robots":{"index":"index","follow":"follow","max-snippet":"max-snippet:-1","max-image-preview":"max-image-preview:large","max-video-preview":"max-video-preview:-1"},"canonical":"https:\/\/rzg.se\/en\/kontakt\/rz-ferromekano\/","og_locale":"en_GB","og_type":"article","og_title":"RZ Ferromekano - RZ","og_description":"Postadress: Magasinsv\u00e4gen 9, 438 36 Landvetter Bes\u00f6ksadress: Kryptongatan 8, 431 53 M\u00f6lndal Telefon: 031 &#8211; 719 60 52 Fax: 031 &#8211; 27 00 19 E-post: info@rzferromekano.se E-post fakturor: finans@rzgruppen.se &nbsp; Kontaktpersoner Dennis Insulan VD Telefon: 031 &#8211; 719 60 52 E-post: dennis.insulan@rzferromekano.se Henrik Stenstr\u00f6m Produktionschef Telefon: 031 &#8211; 719 60 51 E-post: henrik.stenstrom@rzferromekano.se Marie Mattsson [&hellip;]","og_url":"https:\/\/rzg.se\/en\/kontakt\/rz-ferromekano\/","og_site_name":"RZ","article_modified_time":"2024-09-02T14:09:49+00:00","og_image":[{"width":632,"height":260,"url":"https:\/\/rzg.se\/wp-content\/uploads\/Ferromekanik_632-x-260-px.jpg","type":"image\/jpeg"}],"twitter_card":"summary_large_image","schema":{"@context":"https:\/\/schema.org","@graph":[{"@type":"WebPage","@id":"https:\/\/rzg.se\/kontakt\/rz-ferromekano\/","url":"https:\/\/rzg.se\/kontakt\/rz-ferromekano\/","name":"RZ Ferromekano - RZ","isPartOf":{"@id":"https:\/\/rzg.se\/#website"},"primaryImageOfPage":{"@id":"https:\/\/rzg.se\/kontakt\/rz-ferromekano\/#primaryimage"},"image":{"@id":"https:\/\/rzg.se\/kontakt\/rz-ferromekano\/#primaryimage"},"thumbnailUrl":"https:\/\/rzg.se\/wp-content\/uploads\/Ferromekanik_632-x-260-px.jpg","datePublished":"2011-12-21T14:12:09+00:00","dateModified":"2024-09-02T14:09:49+00:00","breadcrumb":{"@id":"https:\/\/rzg.se\/kontakt\/rz-ferromekano\/#breadcrumb"},"inLanguage":"en-GB","potentialAction":[{"@type":"ReadAction","target":["https:\/\/rzg.se\/kontakt\/rz-ferromekano\/"]}]},{"@type":"ImageObject","inLanguage":"en-GB","@id":"https:\/\/rzg.se\/kontakt\/rz-ferromekano\/#primaryimage","url":"https:\/\/rzg.se\/wp-content\/uploads\/Ferromekanik_632-x-260-px.jpg","contentUrl":"https:\/\/rzg.se\/wp-content\/uploads\/Ferromekanik_632-x-260-px.jpg","width":"632","height":"260"},{"@type":"BreadcrumbList","@id":"https:\/\/rzg.se\/kontakt\/rz-ferromekano\/#breadcrumb","itemListElement":[{"@type":"ListItem","position":1,"name":"Hem","item":"https:\/\/rzg.se\/"},{"@type":"ListItem","position":2,"name":"Kontakt","item":"https:\/\/rzg.se\/kontakt\/"},{"@type":"ListItem","position":3,"name":"RZ Ferromekano"}]},{"@type":"WebSite","@id":"https:\/\/rzg.se\/#website","url":"https:\/\/rzg.se\/","name":"RZ","description":"Mekaniska verkst\u00e4der med exakt precision","publisher":{"@id":"https:\/\/rzg.se\/#organization"},"potentialAction":[{"@type":"SearchAction","target":{"@type":"EntryPoint","urlTemplate":"https:\/\/rzg.se\/?s={search_term_string}"},"query-input":{"@type":"PropertyValueSpecification","valueRequired":true,"valueName":"search_term_string"}}],"inLanguage":"en-GB"},{"@type":"Organization","@id":"https:\/\/rzg.se\/#organization","name":"RZ","url":"https:\/\/rzg.se\/","logo":{"@type":"ImageObject","inLanguage":"en-GB","@id":"https:\/\/rzg.se\/#\/schema\/logo\/image\/","url":"https:\/\/rzg.se\/wp-content\/uploads\/RZ_logo.png","contentUrl":"https:\/\/rzg.se\/wp-content\/uploads\/RZ_logo.png","width":201,"height":201,"caption":"RZ"},"image":{"@id":"https:\/\/rzg.se\/#\/schema\/logo\/image\/"}}]}},"_links":{"self":[{"href":"https:\/\/rzg.se\/en\/wp-json\/wp\/v2\/pages\/197","targetHints":{"allow":["GET"]}}],"collection":[{"href":"https:\/\/rzg.se\/en\/wp-json\/wp\/v2\/pages"}],"about":[{"href":"https:\/\/rzg.se\/en\/wp-json\/wp\/v2\/types\/page"}],"author":[{"embeddable":true,"href":"https:\/\/rzg.se\/en\/wp-json\/wp\/v2\/users\/44"}],"replies":[{"embeddable":true,"href":"https:\/\/rzg.se\/en\/wp-json\/wp\/v2\/comments?post=197"}],"version-history":[{"count":37,"href":"https:\/\/rzg.se\/en\/wp-json\/wp\/v2\/pages\/197\/revisions"}],"predecessor-version":[{"id":4175,"href":"https:\/\/rzg.se\/en\/wp-json\/wp\/v2\/pages\/197\/revisions\/4175"}],"up":[{"embeddable":true,"href":"https:\/\/rzg.se\/en\/wp-json\/wp\/v2\/pages\/13"}],"wp:featuredmedia":[{"embeddable":true,"href":"https:\/\/rzg.se\/en\/wp-json\/wp\/v2\/media\/1178"}],"wp:attachment":[{"href":"https:\/\/rzg.se\/en\/wp-json\/wp\/v2\/media?parent=197"}],"curies":[{"name":"wp","href":"https:\/\/api.w.org\/{rel}","templated":true}]}}