{"id":1278,"date":"2013-01-07T16:48:07","date_gmt":"2013-01-07T15:48:07","guid":{"rendered":"http:\/\/www.rzg.se?p=1278"},"modified":"2026-03-09T13:13:54","modified_gmt":"2026-03-09T12:13:54","slug":"rz-kils-mekaniska-ab","status":"publish","type":"page","link":"https:\/\/rzg.se\/en\/vara-bolag\/rz-kils-mekaniska-ab\/","title":{"rendered":"RZ Kils Mekaniska"},"content":{"rendered":"<div data-elementor-type=\"wp-page\" data-elementor-id=\"1278\" class=\"elementor elementor-1278\" data-elementor-post-type=\"page\">\n\t\t\t\t<div class=\"elementor-element elementor-element-d86bfff e-flex e-con-boxed e-con e-parent\" data-id=\"d86bfff\" data-element_type=\"container\" data-e-type=\"container\">\n\t\t\t\t\t<div class=\"e-con-inner\">\n\t\t<div class=\"elementor-element elementor-element-e9fc978 e-con-full e-flex e-con e-child\" data-id=\"e9fc978\" data-element_type=\"container\" data-e-type=\"container\">\n\t\t\t\t<div class=\"elementor-element elementor-element-07b4146 elementor-widget elementor-widget-text-editor\" data-id=\"07b4146\" data-element_type=\"widget\" data-e-type=\"widget\" data-widget_type=\"text-editor.default\">\n\t\t\t\t<div class=\"elementor-widget-container\">\n\t\t\t\t\t\t\t\t\t<p><strong>RZ Kils Mekaniska is a qualified subcontractor that machines steel and sheet metal products. With expertise and a well thought-out machine shop, we can offer quality, safe deliveries and competitive prices.<\/strong><\/p><p>RZ Kils Mekaniska AB takes effective control over all phases of the production chain, including the processes that we may not be able to offer in-house.  From cutting, bending and milling to welding and machining, our workshops are equipped to manufacture everything from large and heavy steel items to small parts in thin sheet steel. We are capable of managing complex system deliveries as well as series production in varying sizes.<\/p>\t\t\t\t\t\t\t\t<\/div>\n\t\t\t\t<\/div>\n\t\t<div class=\"elementor-element elementor-element-e4682b7 e-grid e-con-full e-con e-child\" data-id=\"e4682b7\" data-element_type=\"container\" data-e-type=\"container\">\n\t\t\t\t<div class=\"elementor-element elementor-element-e820257 dce_masking-none elementor-widget elementor-widget-image\" data-id=\"e820257\" data-element_type=\"widget\" data-e-type=\"widget\" data-widget_type=\"image.default\">\n\t\t\t\t<div class=\"elementor-widget-container\">\n\t\t\t\t\t\t\t\t\t\t\t\t\t\t\t<img fetchpriority=\"high\" decoding=\"async\" width=\"768\" height=\"511\" src=\"https:\/\/rzg.se\/wp-content\/uploads\/RZ-Kils-fras-768x511.jpg\" class=\"attachment-medium_large size-medium_large wp-image-5119\" alt=\"RZ Kils Mekaniska fr\u00e4s\" srcset=\"https:\/\/rzg.se\/wp-content\/uploads\/RZ-Kils-fras-768x511.jpg 768w, https:\/\/rzg.se\/wp-content\/uploads\/RZ-Kils-fras-189x126.jpg 189w, https:\/\/rzg.se\/wp-content\/uploads\/RZ-Kils-fras-390x260.jpg 390w, https:\/\/rzg.se\/wp-content\/uploads\/RZ-Kils-fras-18x12.jpg 18w, https:\/\/rzg.se\/wp-content\/uploads\/RZ-Kils-fras.jpg 1200w\" sizes=\"(max-width: 768px) 100vw, 768px\" \/>\t\t\t\t\t\t\t\t\t\t\t\t\t\t\t<\/div>\n\t\t\t\t<\/div>\n\t\t\t\t<div class=\"elementor-element elementor-element-2fd4669 dce_masking-none elementor-widget elementor-widget-image\" data-id=\"2fd4669\" data-element_type=\"widget\" data-e-type=\"widget\" data-widget_type=\"image.default\">\n\t\t\t\t<div class=\"elementor-widget-container\">\n\t\t\t\t\t\t\t\t\t\t\t\t\t\t\t<img decoding=\"async\" width=\"768\" height=\"511\" src=\"https:\/\/rzg.se\/wp-content\/uploads\/RZ-Kils-mekaniska-hero-768x511.webp\" class=\"attachment-medium_large size-medium_large wp-image-5118\" alt=\"RZ Kils Mekaniska verkstad\" srcset=\"https:\/\/rzg.se\/wp-content\/uploads\/RZ-Kils-mekaniska-hero-768x511.webp 768w, https:\/\/rzg.se\/wp-content\/uploads\/RZ-Kils-mekaniska-hero-189x126.webp 189w, https:\/\/rzg.se\/wp-content\/uploads\/RZ-Kils-mekaniska-hero-391x260.webp 391w, https:\/\/rzg.se\/wp-content\/uploads\/RZ-Kils-mekaniska-hero-1536x1022.webp 1536w, https:\/\/rzg.se\/wp-content\/uploads\/RZ-Kils-mekaniska-hero-18x12.webp 18w, https:\/\/rzg.se\/wp-content\/uploads\/RZ-Kils-mekaniska-hero.webp 1600w\" sizes=\"(max-width: 768px) 100vw, 768px\" \/>\t\t\t\t\t\t\t\t\t\t\t\t\t\t\t<\/div>\n\t\t\t\t<\/div>\n\t\t\t\t<div class=\"elementor-element elementor-element-1c293e3 dce_masking-none elementor-widget elementor-widget-image\" data-id=\"1c293e3\" data-element_type=\"widget\" data-e-type=\"widget\" data-widget_type=\"image.default\">\n\t\t\t\t<div class=\"elementor-widget-container\">\n\t\t\t\t\t\t\t\t\t\t\t\t\t\t\t<img decoding=\"async\" width=\"768\" height=\"511\" src=\"https:\/\/rzg.se\/wp-content\/uploads\/Kils-mekaniska-ab-768x511.webp\" class=\"attachment-medium_large size-medium_large wp-image-5121\" alt=\"\" srcset=\"https:\/\/rzg.se\/wp-content\/uploads\/Kils-mekaniska-ab-768x511.webp 768w, https:\/\/rzg.se\/wp-content\/uploads\/Kils-mekaniska-ab-189x126.webp 189w, https:\/\/rzg.se\/wp-content\/uploads\/Kils-mekaniska-ab-391x260.webp 391w, https:\/\/rzg.se\/wp-content\/uploads\/Kils-mekaniska-ab-1536x1022.webp 1536w, https:\/\/rzg.se\/wp-content\/uploads\/Kils-mekaniska-ab-18x12.webp 18w, https:\/\/rzg.se\/wp-content\/uploads\/Kils-mekaniska-ab.webp 1600w\" sizes=\"(max-width: 768px) 100vw, 768px\" \/>\t\t\t\t\t\t\t\t\t\t\t\t\t\t\t<\/div>\n\t\t\t\t<\/div>\n\t\t\t\t<div class=\"elementor-element elementor-element-2fbc36f dce_masking-none elementor-widget elementor-widget-image\" data-id=\"2fbc36f\" data-element_type=\"widget\" data-e-type=\"widget\" data-widget_type=\"image.default\">\n\t\t\t\t<div class=\"elementor-widget-container\">\n\t\t\t\t\t\t\t\t\t\t\t\t\t\t\t<img loading=\"lazy\" decoding=\"async\" width=\"768\" height=\"511\" src=\"https:\/\/rzg.se\/wp-content\/uploads\/RZ-Kils-Steeline-768x511.webp\" class=\"attachment-medium_large size-medium_large wp-image-5122\" alt=\"RZ Kils Steeline\" srcset=\"https:\/\/rzg.se\/wp-content\/uploads\/RZ-Kils-Steeline-768x511.webp 768w, https:\/\/rzg.se\/wp-content\/uploads\/RZ-Kils-Steeline-189x126.webp 189w, https:\/\/rzg.se\/wp-content\/uploads\/RZ-Kils-Steeline-391x260.webp 391w, https:\/\/rzg.se\/wp-content\/uploads\/RZ-Kils-Steeline-1536x1022.webp 1536w, https:\/\/rzg.se\/wp-content\/uploads\/RZ-Kils-Steeline-18x12.webp 18w, https:\/\/rzg.se\/wp-content\/uploads\/RZ-Kils-Steeline.webp 1600w\" sizes=\"(max-width: 768px) 100vw, 768px\" \/>\t\t\t\t\t\t\t\t\t\t\t\t\t\t\t<\/div>\n\t\t\t\t<\/div>\n\t\t\t\t<\/div>\n\t\t\t\t<\/div>\n\t\t<div class=\"elementor-element elementor-element-776c233 e-con-full e-flex e-con e-child\" data-id=\"776c233\" data-element_type=\"container\" data-e-type=\"container\">\n\t\t\t\t<div class=\"elementor-element elementor-element-a0cdf3a elementor-widget elementor-widget-heading\" data-id=\"a0cdf3a\" data-element_type=\"widget\" data-e-type=\"widget\" data-widget_type=\"heading.default\">\n\t\t\t\t<div class=\"elementor-widget-container\">\n\t\t\t\t\t<h3 class=\"elementor-heading-title elementor-size-default\">Contact<\/h3>\t\t\t\t<\/div>\n\t\t\t\t<\/div>\n\t\t\t\t<div class=\"elementor-element elementor-element-b6c7b4c elementor-widget elementor-widget-button\" data-id=\"b6c7b4c\" data-element_type=\"widget\" data-e-type=\"widget\" data-widget_type=\"button.default\">\n\t\t\t\t<div class=\"elementor-widget-container\">\n\t\t\t\t\t\t\t\t\t<div class=\"elementor-button-wrapper\">\n\t\t\t\t\t<a class=\"elementor-button elementor-button-link elementor-size-sm\" href=\"https:\/\/rzg.se\/en\/kontakt\/rz-kils-mekaniska\/\">\n\t\t\t\t\t\t<span class=\"elementor-button-content-wrapper\">\n\t\t\t\t\t\t\t\t\t<span class=\"elementor-button-text\">Contact us<\/span>\n\t\t\t\t\t<\/span>\n\t\t\t\t\t<\/a>\n\t\t\t\t<\/div>\n\t\t\t\t\t\t\t\t<\/div>\n\t\t\t\t<\/div>\n\t\t\t\t<div class=\"elementor-element elementor-element-a2c71b6 elementor-widget elementor-widget-heading\" data-id=\"a2c71b6\" data-element_type=\"widget\" data-e-type=\"widget\" data-widget_type=\"heading.default\">\n\t\t\t\t<div class=\"elementor-widget-container\">\n\t\t\t\t\t<h3 class=\"elementor-heading-title elementor-size-default\">Certificates<\/h3>\t\t\t\t<\/div>\n\t\t\t\t<\/div>\n\t\t\t\t<div class=\"elementor-element elementor-element-50203e8 elementor-widget elementor-widget-text-editor\" data-id=\"50203e8\" data-element_type=\"widget\" data-e-type=\"widget\" data-widget_type=\"text-editor.default\">\n\t\t\t\t<div class=\"elementor-widget-container\">\n\t\t\t\t\t\t\t\t\t<ul>\n<li><a href=\"https:\/\/rzg.se\/wp-content\/uploads\/Certifikat-2023-ISO-3834.pdf\" target=\"_blank\" rel=\"noopener\">SS\/EN ISO 3834-2:2021<\/a><\/li>\n<li><a href=\"https:\/\/rzg.se\/wp-content\/uploads\/Certifikat-2023-ISO-9001-ISO-14001.pdf\" target=\"_blank\" rel=\"noopener\">ISO 9001 &amp; 14000<\/a><\/li>\n<\/ul>\n\t\t\t\t\t\t\t\t<\/div>\n\t\t\t\t<\/div>\n\t\t\t\t<\/div>\n\t\t\t\t\t<\/div>\n\t\t\t\t<\/div>\n\t\t<div class=\"elementor-element elementor-element-06c7dda e-flex e-con-boxed e-con e-parent\" data-id=\"06c7dda\" data-element_type=\"container\" data-e-type=\"container\" data-settings=\"{&quot;background_background&quot;:&quot;classic&quot;}\">\n\t\t\t\t\t<div class=\"e-con-inner\">\n\t\t\t\t<div class=\"elementor-element elementor-element-4c56139 elementor-widget elementor-widget-heading\" data-id=\"4c56139\" data-element_type=\"widget\" data-e-type=\"widget\" data-widget_type=\"heading.default\">\n\t\t\t\t<div class=\"elementor-widget-container\">\n\t\t\t\t\t<h3 class=\"elementor-heading-title elementor-size-default\">Related news<\/h3>\t\t\t\t<\/div>\n\t\t\t\t<\/div>\n\t\t\t\t<div class=\"elementor-element elementor-element-7a4da27 elementor-widget elementor-widget-text-editor\" data-id=\"7a4da27\" data-element_type=\"widget\" data-e-type=\"widget\" id=\"no-result\" data-widget_type=\"text-editor.default\">\n\t\t\t\t<div class=\"elementor-widget-container\">\n\t\t\t\t\t\t\t\t\t<p>There are no related news.<br \/><span style=\"text-decoration: underline;\"><a href=\"\/en\/nyheter\/\">Show all news<\/a><\/span><\/p>\t\t\t\t\t\t\t\t<\/div>\n\t\t\t\t<\/div>\n\t\t\t\t<div class=\"elementor-element elementor-element-ae81c49 elementor-mobile-align-center elementor-widget elementor-widget-button\" data-id=\"ae81c49\" data-element_type=\"widget\" data-e-type=\"widget\" data-widget_type=\"button.default\">\n\t\t\t\t<div class=\"elementor-widget-container\">\n\t\t\t\t\t\t\t\t\t<div class=\"elementor-button-wrapper\">\n\t\t\t\t\t<a class=\"elementor-button elementor-button-link elementor-size-sm\" href=\"https:\/\/rzg.se\/en\/category\/bolag\/rz-kils-verkstad\/\">\n\t\t\t\t\t\t<span class=\"elementor-button-content-wrapper\">\n\t\t\t\t\t\t\t\t\t<span class=\"elementor-button-text\">Show all our news<\/span>\n\t\t\t\t\t<\/span>\n\t\t\t\t\t<\/a>\n\t\t\t\t<\/div>\n\t\t\t\t\t\t\t\t<\/div>\n\t\t\t\t<\/div>\n\t\t\t\t\t<\/div>\n\t\t\t\t<\/div>\n\t\t\t\t<\/div>","protected":false},"excerpt":{"rendered":"<p>RZ Kils Mekaniska \u00e4r en komplett legotillverkare med l\u00e5ng erfarenhet och specialkompetens p\u00e5 st\u00f6rre svetsade konstruktioner, med bearbetningsm\u00f6jlighet upp till 5 meter. med h\u00f6g kompetens inom samtliga av v\u00e5ra produktionsomr\u00e5den som sk\u00e4rning, bockning, valsning, svetsning och maskinbearbetning erbjuder vi en komplett produktionskedja f\u00f6r industrin, fr\u00e5n pl\u00e5t till bearbetad produkt.<\/p>","protected":false},"author":40,"featured_media":5118,"parent":3991,"menu_order":0,"comment_status":"closed","ping_status":"open","template":"","meta":{"_acf_changed":false,"footnotes":""},"class_list":["post-1278","page","type-page","status-publish","has-post-thumbnail","hentry"],"acf":[],"yoast_head":"<!-- This site is optimized with the Yoast SEO plugin v27.5 - https:\/\/yoast.com\/product\/yoast-seo-wordpress\/ -->\n<title>RZ Kils Mekaniska - RZ<\/title>\n<meta name=\"robots\" content=\"index, follow, max-snippet:-1, max-image-preview:large, max-video-preview:-1\" \/>\n<link rel=\"canonical\" href=\"https:\/\/rzg.se\/en\/vara-bolag\/rz-kils-mekaniska-ab\/\" \/>\n<meta property=\"og:locale\" content=\"en_GB\" \/>\n<meta property=\"og:type\" content=\"article\" \/>\n<meta property=\"og:title\" content=\"RZ Kils Mekaniska - RZ\" \/>\n<meta property=\"og:description\" content=\"RZ Kils Mekaniska \u00e4r en komplett legotillverkare med l\u00e5ng erfarenhet och specialkompetens p\u00e5 st\u00f6rre svetsade konstruktioner, med bearbetningsm\u00f6jlighet upp till 5 meter. med h\u00f6g kompetens inom samtliga av v\u00e5ra produktionsomr\u00e5den som sk\u00e4rning, bockning, valsning, svetsning och maskinbearbetning erbjuder vi en komplett produktionskedja f\u00f6r industrin, fr\u00e5n pl\u00e5t till bearbetad produkt.\" \/>\n<meta property=\"og:url\" content=\"https:\/\/rzg.se\/en\/vara-bolag\/rz-kils-mekaniska-ab\/\" \/>\n<meta property=\"og:site_name\" content=\"RZ\" \/>\n<meta property=\"article:modified_time\" content=\"2026-03-09T12:13:54+00:00\" \/>\n<meta property=\"og:image\" content=\"https:\/\/rzg.se\/wp-content\/uploads\/RZ-Kils-mekaniska-hero.webp\" \/>\n\t<meta property=\"og:image:width\" content=\"1600\" \/>\n\t<meta property=\"og:image:height\" content=\"1065\" \/>\n\t<meta property=\"og:image:type\" content=\"image\/webp\" \/>\n<meta name=\"twitter:card\" content=\"summary_large_image\" \/>\n<meta name=\"twitter:label1\" content=\"Estimated reading time\" \/>\n\t<meta name=\"twitter:data1\" content=\"2 minutes\" \/>\n<script type=\"application\/ld+json\" class=\"yoast-schema-graph\">{\"@context\":\"https:\\\/\\\/schema.org\",\"@graph\":[{\"@type\":\"WebPage\",\"@id\":\"https:\\\/\\\/rzg.se\\\/vara-bolag\\\/rz-kils-mekaniska-ab\\\/\",\"url\":\"https:\\\/\\\/rzg.se\\\/vara-bolag\\\/rz-kils-mekaniska-ab\\\/\",\"name\":\"RZ Kils Mekaniska - RZ\",\"isPartOf\":{\"@id\":\"https:\\\/\\\/rzg.se\\\/#website\"},\"primaryImageOfPage\":{\"@id\":\"https:\\\/\\\/rzg.se\\\/vara-bolag\\\/rz-kils-mekaniska-ab\\\/#primaryimage\"},\"image\":{\"@id\":\"https:\\\/\\\/rzg.se\\\/vara-bolag\\\/rz-kils-mekaniska-ab\\\/#primaryimage\"},\"thumbnailUrl\":\"https:\\\/\\\/rzg.se\\\/wp-content\\\/uploads\\\/RZ-Kils-mekaniska-hero.webp\",\"datePublished\":\"2013-01-07T15:48:07+00:00\",\"dateModified\":\"2026-03-09T12:13:54+00:00\",\"breadcrumb\":{\"@id\":\"https:\\\/\\\/rzg.se\\\/vara-bolag\\\/rz-kils-mekaniska-ab\\\/#breadcrumb\"},\"inLanguage\":\"en-GB\",\"potentialAction\":[{\"@type\":\"ReadAction\",\"target\":[\"https:\\\/\\\/rzg.se\\\/vara-bolag\\\/rz-kils-mekaniska-ab\\\/\"]}]},{\"@type\":\"ImageObject\",\"inLanguage\":\"en-GB\",\"@id\":\"https:\\\/\\\/rzg.se\\\/vara-bolag\\\/rz-kils-mekaniska-ab\\\/#primaryimage\",\"url\":\"https:\\\/\\\/rzg.se\\\/wp-content\\\/uploads\\\/RZ-Kils-mekaniska-hero.webp\",\"contentUrl\":\"https:\\\/\\\/rzg.se\\\/wp-content\\\/uploads\\\/RZ-Kils-mekaniska-hero.webp\",\"width\":1600,\"height\":1065,\"caption\":\"RZ Kils Mekaniska verkstad\"},{\"@type\":\"BreadcrumbList\",\"@id\":\"https:\\\/\\\/rzg.se\\\/vara-bolag\\\/rz-kils-mekaniska-ab\\\/#breadcrumb\",\"itemListElement\":[{\"@type\":\"ListItem\",\"position\":1,\"name\":\"Hem\",\"item\":\"https:\\\/\\\/rzg.se\\\/\"},{\"@type\":\"ListItem\",\"position\":2,\"name\":\"V\u00e5ra bolag\",\"item\":\"https:\\\/\\\/rzg.se\\\/vara-bolag\\\/\"},{\"@type\":\"ListItem\",\"position\":3,\"name\":\"RZ Kils Mekaniska\"}]},{\"@type\":\"WebSite\",\"@id\":\"https:\\\/\\\/rzg.se\\\/#website\",\"url\":\"https:\\\/\\\/rzg.se\\\/\",\"name\":\"RZ\",\"description\":\"Mekaniska verkst\u00e4der med exakt precision\",\"publisher\":{\"@id\":\"https:\\\/\\\/rzg.se\\\/#organization\"},\"potentialAction\":[{\"@type\":\"SearchAction\",\"target\":{\"@type\":\"EntryPoint\",\"urlTemplate\":\"https:\\\/\\\/rzg.se\\\/?s={search_term_string}\"},\"query-input\":{\"@type\":\"PropertyValueSpecification\",\"valueRequired\":true,\"valueName\":\"search_term_string\"}}],\"inLanguage\":\"en-GB\"},{\"@type\":\"Organization\",\"@id\":\"https:\\\/\\\/rzg.se\\\/#organization\",\"name\":\"RZ\",\"url\":\"https:\\\/\\\/rzg.se\\\/\",\"logo\":{\"@type\":\"ImageObject\",\"inLanguage\":\"en-GB\",\"@id\":\"https:\\\/\\\/rzg.se\\\/#\\\/schema\\\/logo\\\/image\\\/\",\"url\":\"https:\\\/\\\/rzg.se\\\/wp-content\\\/uploads\\\/RZ_logo.png\",\"contentUrl\":\"https:\\\/\\\/rzg.se\\\/wp-content\\\/uploads\\\/RZ_logo.png\",\"width\":201,\"height\":201,\"caption\":\"RZ\"},\"image\":{\"@id\":\"https:\\\/\\\/rzg.se\\\/#\\\/schema\\\/logo\\\/image\\\/\"}}]}<\/script>\n<!-- \/ Yoast SEO plugin. -->","yoast_head_json":{"title":"RZ Kils Mekaniska - RZ","robots":{"index":"index","follow":"follow","max-snippet":"max-snippet:-1","max-image-preview":"max-image-preview:large","max-video-preview":"max-video-preview:-1"},"canonical":"https:\/\/rzg.se\/en\/vara-bolag\/rz-kils-mekaniska-ab\/","og_locale":"en_GB","og_type":"article","og_title":"RZ Kils Mekaniska - RZ","og_description":"RZ Kils Mekaniska \u00e4r en komplett legotillverkare med l\u00e5ng erfarenhet och specialkompetens p\u00e5 st\u00f6rre svetsade konstruktioner, med bearbetningsm\u00f6jlighet upp till 5 meter. med h\u00f6g kompetens inom samtliga av v\u00e5ra produktionsomr\u00e5den som sk\u00e4rning, bockning, valsning, svetsning och maskinbearbetning erbjuder vi en komplett produktionskedja f\u00f6r industrin, fr\u00e5n pl\u00e5t till bearbetad produkt.","og_url":"https:\/\/rzg.se\/en\/vara-bolag\/rz-kils-mekaniska-ab\/","og_site_name":"RZ","article_modified_time":"2026-03-09T12:13:54+00:00","og_image":[{"width":1600,"height":1065,"url":"https:\/\/rzg.se\/wp-content\/uploads\/RZ-Kils-mekaniska-hero.webp","type":"image\/webp"}],"twitter_card":"summary_large_image","twitter_misc":{"Estimated reading time":"2 minutes"},"schema":{"@context":"https:\/\/schema.org","@graph":[{"@type":"WebPage","@id":"https:\/\/rzg.se\/vara-bolag\/rz-kils-mekaniska-ab\/","url":"https:\/\/rzg.se\/vara-bolag\/rz-kils-mekaniska-ab\/","name":"RZ Kils Mekaniska - RZ","isPartOf":{"@id":"https:\/\/rzg.se\/#website"},"primaryImageOfPage":{"@id":"https:\/\/rzg.se\/vara-bolag\/rz-kils-mekaniska-ab\/#primaryimage"},"image":{"@id":"https:\/\/rzg.se\/vara-bolag\/rz-kils-mekaniska-ab\/#primaryimage"},"thumbnailUrl":"https:\/\/rzg.se\/wp-content\/uploads\/RZ-Kils-mekaniska-hero.webp","datePublished":"2013-01-07T15:48:07+00:00","dateModified":"2026-03-09T12:13:54+00:00","breadcrumb":{"@id":"https:\/\/rzg.se\/vara-bolag\/rz-kils-mekaniska-ab\/#breadcrumb"},"inLanguage":"en-GB","potentialAction":[{"@type":"ReadAction","target":["https:\/\/rzg.se\/vara-bolag\/rz-kils-mekaniska-ab\/"]}]},{"@type":"ImageObject","inLanguage":"en-GB","@id":"https:\/\/rzg.se\/vara-bolag\/rz-kils-mekaniska-ab\/#primaryimage","url":"https:\/\/rzg.se\/wp-content\/uploads\/RZ-Kils-mekaniska-hero.webp","contentUrl":"https:\/\/rzg.se\/wp-content\/uploads\/RZ-Kils-mekaniska-hero.webp","width":1600,"height":1065,"caption":"RZ Kils Mekaniska verkstad"},{"@type":"BreadcrumbList","@id":"https:\/\/rzg.se\/vara-bolag\/rz-kils-mekaniska-ab\/#breadcrumb","itemListElement":[{"@type":"ListItem","position":1,"name":"Hem","item":"https:\/\/rzg.se\/"},{"@type":"ListItem","position":2,"name":"V\u00e5ra bolag","item":"https:\/\/rzg.se\/vara-bolag\/"},{"@type":"ListItem","position":3,"name":"RZ Kils Mekaniska"}]},{"@type":"WebSite","@id":"https:\/\/rzg.se\/#website","url":"https:\/\/rzg.se\/","name":"RZ","description":"Mekaniska verkst\u00e4der med exakt precision","publisher":{"@id":"https:\/\/rzg.se\/#organization"},"potentialAction":[{"@type":"SearchAction","target":{"@type":"EntryPoint","urlTemplate":"https:\/\/rzg.se\/?s={search_term_string}"},"query-input":{"@type":"PropertyValueSpecification","valueRequired":true,"valueName":"search_term_string"}}],"inLanguage":"en-GB"},{"@type":"Organization","@id":"https:\/\/rzg.se\/#organization","name":"RZ","url":"https:\/\/rzg.se\/","logo":{"@type":"ImageObject","inLanguage":"en-GB","@id":"https:\/\/rzg.se\/#\/schema\/logo\/image\/","url":"https:\/\/rzg.se\/wp-content\/uploads\/RZ_logo.png","contentUrl":"https:\/\/rzg.se\/wp-content\/uploads\/RZ_logo.png","width":201,"height":201,"caption":"RZ"},"image":{"@id":"https:\/\/rzg.se\/#\/schema\/logo\/image\/"}}]}},"_links":{"self":[{"href":"https:\/\/rzg.se\/en\/wp-json\/wp\/v2\/pages\/1278","targetHints":{"allow":["GET"]}}],"collection":[{"href":"https:\/\/rzg.se\/en\/wp-json\/wp\/v2\/pages"}],"about":[{"href":"https:\/\/rzg.se\/en\/wp-json\/wp\/v2\/types\/page"}],"author":[{"embeddable":true,"href":"https:\/\/rzg.se\/en\/wp-json\/wp\/v2\/users\/40"}],"replies":[{"embeddable":true,"href":"https:\/\/rzg.se\/en\/wp-json\/wp\/v2\/comments?post=1278"}],"version-history":[{"count":53,"href":"https:\/\/rzg.se\/en\/wp-json\/wp\/v2\/pages\/1278\/revisions"}],"predecessor-version":[{"id":5704,"href":"https:\/\/rzg.se\/en\/wp-json\/wp\/v2\/pages\/1278\/revisions\/5704"}],"up":[{"embeddable":true,"href":"https:\/\/rzg.se\/en\/wp-json\/wp\/v2\/pages\/3991"}],"wp:featuredmedia":[{"embeddable":true,"href":"https:\/\/rzg.se\/en\/wp-json\/wp\/v2\/media\/5118"}],"wp:attachment":[{"href":"https:\/\/rzg.se\/en\/wp-json\/wp\/v2\/media?parent=1278"}],"curies":[{"name":"wp","href":"https:\/\/api.w.org\/{rel}","templated":true}]}}